{"id":1001,"date":"2024-11-27T12:00:41","date_gmt":"2024-11-27T12:00:41","guid":{"rendered":"https:\/\/dev.getraenke-center.ch\/?post_type=product&#038;p=1001"},"modified":"2024-11-27T12:00:46","modified_gmt":"2024-11-27T12:00:46","slug":"sherry-madelios-dry-pale-17-020-liter","status":"publish","type":"product","link":"https:\/\/dev.getraenke-center.ch\/?product=sherry-madelios-dry-pale-17-020-liter","title":{"rendered":"Sherry Madelios Dry Pale 17% 0,20 Liter"},"content":{"rendered":"<p>Der Madelios Sherry ist ein Fino. Ein trockener, weisser Wein, der aus der Rebsorte Palomino gewonnen wird. Er wird in der s\u00fcdspanischen Region Jerez hergestellt und lagert \u00fcber mindestens drei Jahren im Solera-Verfahren in amerikanischen Eichenf\u00e4ssern.<\/p>\n","protected":false},"excerpt":{"rendered":"<p>Dieser aussergew\u00f6hnliche\u00a0<em>Sherry<\/em>\u00a0wird in der s\u00fcdspanischen Region Jerez hergestellt<\/p>\n","protected":false},"featured_media":1031,"template":"","meta":{"_kadence_starter_templates_imported_post":false,"_kad_post_transparent":"","_kad_post_title":"","_kad_post_layout":"","_kad_post_sidebar_id":"","_kad_post_content_style":"","_kad_post_vertical_padding":"","_kad_post_feature":"","_kad_post_feature_position":"","_kad_post_header":false,"_kad_post_footer":false},"product_cat":[530,445],"product_tag":[42,417,538,532,533,534,535,537,429],"class_list":{"0":"post-1001","1":"product","2":"type-product","3":"status-publish","4":"has-post-thumbnail","6":"product_cat-sherry","7":"product_cat-spirituosen","8":"product_tag-genuss","9":"product_tag-geschmackserlebnis","10":"product_tag-madeliosdrypale","11":"product_tag-sherry","12":"product_tag-sherryliebhaber","13":"product_tag-spanischersherry","14":"product_tag-spanischetradition","15":"product_tag-trocken","16":"product_tag-spirituosen","18":"first","19":"instock","20":"taxable","21":"shipping-taxable","22":"purchasable","23":"product-type-simple","24":"entry","25":"content-bg","26":"loop-entry"},"jetpack_sharing_enabled":true,"_links":{"self":[{"href":"https:\/\/dev.getraenke-center.ch\/index.php?rest_route=\/wp\/v2\/product\/1001","targetHints":{"allow":["GET"]}}],"collection":[{"href":"https:\/\/dev.getraenke-center.ch\/index.php?rest_route=\/wp\/v2\/product"}],"about":[{"href":"https:\/\/dev.getraenke-center.ch\/index.php?rest_route=\/wp\/v2\/types\/product"}],"wp:featuredmedia":[{"embeddable":true,"href":"https:\/\/dev.getraenke-center.ch\/index.php?rest_route=\/wp\/v2\/media\/1031"}],"wp:attachment":[{"href":"https:\/\/dev.getraenke-center.ch\/index.php?rest_route=%2Fwp%2Fv2%2Fmedia&parent=1001"}],"wp:term":[{"taxonomy":"product_cat","embeddable":true,"href":"https:\/\/dev.getraenke-center.ch\/index.php?rest_route=%2Fwp%2Fv2%2Fproduct_cat&post=1001"},{"taxonomy":"product_tag","embeddable":true,"href":"https:\/\/dev.getraenke-center.ch\/index.php?rest_route=%2Fwp%2Fv2%2Fproduct_tag&post=1001"}],"curies":[{"name":"wp","href":"https:\/\/api.w.org\/{rel}","templated":true}]}}