{"id":1037,"date":"2024-11-27T12:00:47","date_gmt":"2024-11-27T12:00:47","guid":{"rendered":"https:\/\/dev.getraenke-center.ch\/?post_type=product&#038;p=1037"},"modified":"2024-11-27T12:00:49","modified_gmt":"2024-11-27T12:00:49","slug":"brandy-vecchia-romagna-38-070-liter","status":"publish","type":"product","link":"https:\/\/dev.getraenke-center.ch\/?product=brandy-vecchia-romagna-38-070-liter","title":{"rendered":"Brandy Vecchia Romagna 38% 0,70 Liter"},"content":{"rendered":"<p>Seine Farbe ist helles antikes Gold-Kupfer. Die Nase bietet einen Hauch von tropischen Fr\u00fcchten gemischt mit Vanille, Zimt und Nelken in einer Mischung aus eleganten Aromen. Am Gaumen ist er rund, komplex und einh\u00fcllend mit einem Hauch von s\u00fc\u00dfen Gew\u00fcrzen wie Vanille und Zimt. Anhaltender Abgang.<\/p>\n","protected":false},"excerpt":{"rendered":"<p>Ein wirklich sehr hochwertiger italienischer\u00a0<em>Brandy<\/em><\/p>\n","protected":false},"featured_media":1067,"template":"","meta":{"_kadence_starter_templates_imported_post":false,"_kad_post_transparent":"","_kad_post_title":"","_kad_post_layout":"","_kad_post_sidebar_id":"","_kad_post_content_style":"","_kad_post_vertical_padding":"","_kad_post_feature":"","_kad_post_feature_position":"","_kad_post_header":false,"_kad_post_footer":false},"product_cat":[551,445],"product_tag":[552,553,42,417,554,454,555,556,429],"class_list":{"0":"post-1037","1":"product","2":"type-product","3":"status-publish","4":"has-post-thumbnail","6":"product_cat-brandy","7":"product_cat-spirituosen","8":"product_tag-brandy","9":"product_tag-brandyliebhaber","10":"product_tag-genuss","11":"product_tag-geschmackserlebnis","12":"product_tag-italienischerbrandy","13":"product_tag-italienischetradition","14":"product_tag-vecchiaromagna","15":"product_tag-weinbrand","16":"product_tag-spirituosen","18":"first","19":"instock","20":"taxable","21":"shipping-taxable","22":"purchasable","23":"product-type-simple","24":"entry","25":"content-bg","26":"loop-entry"},"jetpack_sharing_enabled":true,"_links":{"self":[{"href":"https:\/\/dev.getraenke-center.ch\/index.php?rest_route=\/wp\/v2\/product\/1037","targetHints":{"allow":["GET"]}}],"collection":[{"href":"https:\/\/dev.getraenke-center.ch\/index.php?rest_route=\/wp\/v2\/product"}],"about":[{"href":"https:\/\/dev.getraenke-center.ch\/index.php?rest_route=\/wp\/v2\/types\/product"}],"wp:featuredmedia":[{"embeddable":true,"href":"https:\/\/dev.getraenke-center.ch\/index.php?rest_route=\/wp\/v2\/media\/1067"}],"wp:attachment":[{"href":"https:\/\/dev.getraenke-center.ch\/index.php?rest_route=%2Fwp%2Fv2%2Fmedia&parent=1037"}],"wp:term":[{"taxonomy":"product_cat","embeddable":true,"href":"https:\/\/dev.getraenke-center.ch\/index.php?rest_route=%2Fwp%2Fv2%2Fproduct_cat&post=1037"},{"taxonomy":"product_tag","embeddable":true,"href":"https:\/\/dev.getraenke-center.ch\/index.php?rest_route=%2Fwp%2Fv2%2Fproduct_tag&post=1037"}],"curies":[{"name":"wp","href":"https:\/\/api.w.org\/{rel}","templated":true}]}}