{"id":1041,"date":"2024-11-27T12:00:47","date_gmt":"2024-11-27T12:00:47","guid":{"rendered":"https:\/\/dev.getraenke-center.ch\/?post_type=product&#038;p=1041"},"modified":"2024-11-27T12:00:49","modified_gmt":"2024-11-27T12:00:49","slug":"gin-chameleon-21-050-liter","status":"publish","type":"product","link":"https:\/\/dev.getraenke-center.ch\/?product=gin-chameleon-21-050-liter","title":{"rendered":"Gin Chameleon 21% 0,50 Liter"},"content":{"rendered":"<p>Der Chameleon Gin ist ein\u00a0<b>Dry Gin mit sorgf\u00e4ltig ausgew\u00e4hlten Botanicals.<\/b>\u00a0<b>Er verf\u00fcgt \u00fcber eine runde Charakteristik mit Noten von Rosenbl\u00fcten, Kardamom, Zitronengras und Ingwer<\/b>. Idealerweise wird der Chameleon Gin pur oder in Verbindung mit einem guten Tonic Water genossen.<\/p>\n","protected":false},"excerpt":{"rendered":"<p>Das <em>Gin Lik\u00f6r<\/em>\u00a0mit Noten von Zimt, Anis, Orange und Ingwer passt wunderbar in die kalte Jahreszeit.<\/p>\n","protected":false},"featured_media":1071,"template":"","meta":{"_kadence_starter_templates_imported_post":false,"_kad_post_transparent":"","_kad_post_title":"","_kad_post_layout":"","_kad_post_sidebar_id":"","_kad_post_content_style":"","_kad_post_vertical_padding":"","_kad_post_feature":"","_kad_post_feature_position":"","_kad_post_header":false,"_kad_post_footer":false},"product_cat":[559,445],"product_tag":[426,507,574,575,566,567,576,577,449],"class_list":{"0":"post-1041","1":"product","2":"type-product","3":"status-publish","4":"has-post-thumbnail","6":"product_cat-gin","7":"product_cat-spirituosen","8":"product_tag-aperitif","9":"product_tag-aromenvielfalt","10":"product_tag-chameleongin","11":"product_tag-einzigartigergeschmack","12":"product_tag-gingenuss","13":"product_tag-ginliebhaber","14":"product_tag-ginlikoer","15":"product_tag-kreativcocktails","16":"product_tag-likoer","18":"first","19":"instock","20":"taxable","21":"shipping-taxable","22":"purchasable","23":"product-type-simple","24":"entry","25":"content-bg","26":"loop-entry"},"jetpack_sharing_enabled":true,"_links":{"self":[{"href":"https:\/\/dev.getraenke-center.ch\/index.php?rest_route=\/wp\/v2\/product\/1041","targetHints":{"allow":["GET"]}}],"collection":[{"href":"https:\/\/dev.getraenke-center.ch\/index.php?rest_route=\/wp\/v2\/product"}],"about":[{"href":"https:\/\/dev.getraenke-center.ch\/index.php?rest_route=\/wp\/v2\/types\/product"}],"wp:featuredmedia":[{"embeddable":true,"href":"https:\/\/dev.getraenke-center.ch\/index.php?rest_route=\/wp\/v2\/media\/1071"}],"wp:attachment":[{"href":"https:\/\/dev.getraenke-center.ch\/index.php?rest_route=%2Fwp%2Fv2%2Fmedia&parent=1041"}],"wp:term":[{"taxonomy":"product_cat","embeddable":true,"href":"https:\/\/dev.getraenke-center.ch\/index.php?rest_route=%2Fwp%2Fv2%2Fproduct_cat&post=1041"},{"taxonomy":"product_tag","embeddable":true,"href":"https:\/\/dev.getraenke-center.ch\/index.php?rest_route=%2Fwp%2Fv2%2Fproduct_tag&post=1041"}],"curies":[{"name":"wp","href":"https:\/\/api.w.org\/{rel}","templated":true}]}}