{"id":1043,"date":"2024-11-27T12:00:47","date_gmt":"2024-11-27T12:00:47","guid":{"rendered":"https:\/\/dev.getraenke-center.ch\/?post_type=product&#038;p=1043"},"modified":"2024-11-27T12:00:50","modified_gmt":"2024-11-27T12:00:50","slug":"gin-bio-herbal-berner-matte-42-050-liter","status":"publish","type":"product","link":"https:\/\/dev.getraenke-center.ch\/?product=gin-bio-herbal-berner-matte-42-050-liter","title":{"rendered":"Gin Bio Herbal Berner Matte 42% 0,50 Liter"},"content":{"rendered":"<p><b>Feinster Bio Gin, gebrannt mit kr\u00e4ftigem Wacholder, bestem Berner Apfelsaft und w\u00fcrzigem Rosmarin<\/b>. Schweizer Gin in bester Bio-Knospe Qualit\u00e4t. Gebrannt f\u00fcr h\u00f6chste Anspr\u00fcche \u2013 f\u00fcr alle, die Gin nicht nur trinken, sondern geniessen.<\/p>\n","protected":false},"excerpt":{"rendered":"<p>Feinster\u00a0<em>Bio Gin<\/em>, gebrannt mit kr\u00e4ftigem Wacholder, bestem\u00a0<em>Berner<\/em>\u00a0Apfelsaft und w\u00fcrzigem Rosmarin<\/p>\n","protected":false},"featured_media":1073,"template":"","meta":{"_kadence_starter_templates_imported_post":false,"_kad_post_transparent":"","_kad_post_title":"","_kad_post_layout":"","_kad_post_sidebar_id":"","_kad_post_content_style":"","_kad_post_vertical_padding":"","_kad_post_feature":"","_kad_post_feature_position":"","_kad_post_header":false,"_kad_post_footer":false},"product_cat":[559,445],"product_tag":[578,583,584,565,566,567,585,255,586],"class_list":{"0":"post-1043","1":"product","2":"type-product","3":"status-publish","4":"has-post-thumbnail","6":"product_cat-gin","7":"product_cat-spirituosen","8":"product_tag-bernermatte","9":"product_tag-biogin","10":"product_tag-biokraeuter","11":"product_tag-gin","12":"product_tag-gingenuss","13":"product_tag-ginliebhaber","14":"product_tag-herbalgin","15":"product_tag-nachhaltigkeit","16":"product_tag-natuerlichezutaten","18":"first","19":"instock","20":"taxable","21":"shipping-taxable","22":"purchasable","23":"product-type-simple","24":"entry","25":"content-bg","26":"loop-entry"},"jetpack_sharing_enabled":true,"_links":{"self":[{"href":"https:\/\/dev.getraenke-center.ch\/index.php?rest_route=\/wp\/v2\/product\/1043","targetHints":{"allow":["GET"]}}],"collection":[{"href":"https:\/\/dev.getraenke-center.ch\/index.php?rest_route=\/wp\/v2\/product"}],"about":[{"href":"https:\/\/dev.getraenke-center.ch\/index.php?rest_route=\/wp\/v2\/types\/product"}],"wp:featuredmedia":[{"embeddable":true,"href":"https:\/\/dev.getraenke-center.ch\/index.php?rest_route=\/wp\/v2\/media\/1073"}],"wp:attachment":[{"href":"https:\/\/dev.getraenke-center.ch\/index.php?rest_route=%2Fwp%2Fv2%2Fmedia&parent=1043"}],"wp:term":[{"taxonomy":"product_cat","embeddable":true,"href":"https:\/\/dev.getraenke-center.ch\/index.php?rest_route=%2Fwp%2Fv2%2Fproduct_cat&post=1043"},{"taxonomy":"product_tag","embeddable":true,"href":"https:\/\/dev.getraenke-center.ch\/index.php?rest_route=%2Fwp%2Fv2%2Fproduct_tag&post=1043"}],"curies":[{"name":"wp","href":"https:\/\/api.w.org\/{rel}","templated":true}]}}