{"id":1046,"date":"2024-11-27T12:00:48","date_gmt":"2024-11-27T12:00:48","guid":{"rendered":"https:\/\/dev.getraenke-center.ch\/?post_type=product&#038;p=1046"},"modified":"2024-11-27T12:00:50","modified_gmt":"2024-11-27T12:00:50","slug":"gin-swiss-highland-honey-wildflower-studer-333-070-liter","status":"publish","type":"product","link":"https:\/\/dev.getraenke-center.ch\/?product=gin-swiss-highland-honey-wildflower-studer-333-070-liter","title":{"rendered":"Gin Swiss Highland Honey Wildflower Studer  33,3% 0,70 Liter"},"content":{"rendered":"<p>Als Basis f\u00fcr die limitierte Sommer-Edition dient die Rezeptur <b>Swiss Highland<\/b>\u00a0Dry\u00a0<b>Gins<\/b>. Dieser wird w\u00e4hrend des Herstellungsprozesses mit Wildbl\u00fctenhonig angereichert. Der\u00a0<b>Gin<\/b>\u00a0erh\u00e4lt durch die Zugabe des Honigs eine wundersch\u00f6ne gelbe Farbe, die gepaart mit den s\u00fcsslichen D\u00fcften das Sommer-Erlebnis abrundet.<\/p>\n","protected":false},"excerpt":{"rendered":"<p>Der kr\u00e4ftige Geschmack und die Gewinnung in nat\u00fcrlicher Umgebung ist etwas was der Waldbl\u00fctenhonig mit\u00a0 <em>Swiss Highland<\/em>\u00a0Dry\u00a0<em>Gin<\/em>\u00a0verbindet<\/p>\n","protected":false},"featured_media":1076,"template":"","meta":{"_kadence_starter_templates_imported_post":false,"_kad_post_transparent":"","_kad_post_title":"","_kad_post_layout":"","_kad_post_sidebar_id":"","_kad_post_content_style":"","_kad_post_vertical_padding":"","_kad_post_feature":"","_kad_post_feature_position":"","_kad_post_header":false,"_kad_post_footer":false},"product_cat":[559,445],"product_tag":[561,565,566,567,604,362,600,605,602,606],"class_list":{"0":"post-1046","1":"product","2":"type-product","3":"status-publish","4":"has-post-thumbnail","6":"product_cat-gin","7":"product_cat-spirituosen","8":"product_tag-botanicals","9":"product_tag-gin","10":"product_tag-gingenuss","11":"product_tag-ginliebhaber","12":"product_tag-honiggin","13":"product_tag-natuerlichearomen","14":"product_tag-schweizergin","15":"product_tag-schweizerischekomposition","16":"product_tag-studergin","17":"product_tag-wildblumen","19":"first","20":"instock","21":"taxable","22":"shipping-taxable","23":"purchasable","24":"product-type-simple","25":"entry","26":"content-bg","27":"loop-entry"},"jetpack_sharing_enabled":true,"_links":{"self":[{"href":"https:\/\/dev.getraenke-center.ch\/index.php?rest_route=\/wp\/v2\/product\/1046","targetHints":{"allow":["GET"]}}],"collection":[{"href":"https:\/\/dev.getraenke-center.ch\/index.php?rest_route=\/wp\/v2\/product"}],"about":[{"href":"https:\/\/dev.getraenke-center.ch\/index.php?rest_route=\/wp\/v2\/types\/product"}],"wp:featuredmedia":[{"embeddable":true,"href":"https:\/\/dev.getraenke-center.ch\/index.php?rest_route=\/wp\/v2\/media\/1076"}],"wp:attachment":[{"href":"https:\/\/dev.getraenke-center.ch\/index.php?rest_route=%2Fwp%2Fv2%2Fmedia&parent=1046"}],"wp:term":[{"taxonomy":"product_cat","embeddable":true,"href":"https:\/\/dev.getraenke-center.ch\/index.php?rest_route=%2Fwp%2Fv2%2Fproduct_cat&post=1046"},{"taxonomy":"product_tag","embeddable":true,"href":"https:\/\/dev.getraenke-center.ch\/index.php?rest_route=%2Fwp%2Fv2%2Fproduct_tag&post=1046"}],"curies":[{"name":"wp","href":"https:\/\/api.w.org\/{rel}","templated":true}]}}