{"id":1052,"date":"2024-11-27T12:00:48","date_gmt":"2024-11-27T12:00:48","guid":{"rendered":"https:\/\/dev.getraenke-center.ch\/?post_type=product&#038;p=1052"},"modified":"2024-11-27T12:00:51","modified_gmt":"2024-11-27T12:00:51","slug":"swiss-crystal-gin-green-rugenbraeu-46-070-liter","status":"publish","type":"product","link":"https:\/\/dev.getraenke-center.ch\/?product=swiss-crystal-gin-green-rugenbraeu-46-070-liter","title":{"rendered":"Swiss Crystal Gin green Rugenbr\u00e4u 46% 0,70 Liter"},"content":{"rendered":"<p>Im Gaumen wird die typische Wacholdernote mit einer harmonischen Balance aus Zitronen- und Mandarinen-Aromen vereint. Der w\u00fcrzige Auftakt geht in eine mineralische Frische \u00fcber. Im langen Abgang offenbart sich eine Komposition aus erlesenen Alpenkr\u00e4utern und einem Hauch von Gew\u00fcrznoten.<\/p>\n","protected":false},"excerpt":{"rendered":"<p>Den Gaumen verzaubern erlesene Alpenkr\u00e4uter und ein Touch von Gew\u00fcrznoten<\/p>\n","protected":false},"featured_media":1082,"template":"","meta":{"_kadence_starter_templates_imported_post":false,"_kad_post_transparent":"","_kad_post_title":"","_kad_post_layout":"","_kad_post_sidebar_id":"","_kad_post_content_style":"","_kad_post_vertical_padding":"","_kad_post_feature":"","_kad_post_feature_position":"","_kad_post_header":false,"_kad_post_footer":false},"product_cat":[559,445],"product_tag":[561,622,565,566,567,623,619,621,600,612],"class_list":{"0":"post-1052","1":"product","2":"type-product","3":"status-publish","4":"has-post-thumbnail","6":"product_cat-gin","7":"product_cat-spirituosen","8":"product_tag-botanicals","9":"product_tag-erfrischendecocktails","10":"product_tag-gin","11":"product_tag-gingenuss","12":"product_tag-ginliebhaber","13":"product_tag-gruenesflair","14":"product_tag-kristallklar","15":"product_tag-rugenbraeugin","16":"product_tag-schweizergin","17":"product_tag-schweizerischeraffinesse","19":"first","20":"instock","21":"taxable","22":"shipping-taxable","23":"purchasable","24":"product-type-simple","25":"entry","26":"content-bg","27":"loop-entry"},"jetpack_sharing_enabled":true,"_links":{"self":[{"href":"https:\/\/dev.getraenke-center.ch\/index.php?rest_route=\/wp\/v2\/product\/1052","targetHints":{"allow":["GET"]}}],"collection":[{"href":"https:\/\/dev.getraenke-center.ch\/index.php?rest_route=\/wp\/v2\/product"}],"about":[{"href":"https:\/\/dev.getraenke-center.ch\/index.php?rest_route=\/wp\/v2\/types\/product"}],"wp:featuredmedia":[{"embeddable":true,"href":"https:\/\/dev.getraenke-center.ch\/index.php?rest_route=\/wp\/v2\/media\/1082"}],"wp:attachment":[{"href":"https:\/\/dev.getraenke-center.ch\/index.php?rest_route=%2Fwp%2Fv2%2Fmedia&parent=1052"}],"wp:term":[{"taxonomy":"product_cat","embeddable":true,"href":"https:\/\/dev.getraenke-center.ch\/index.php?rest_route=%2Fwp%2Fv2%2Fproduct_cat&post=1052"},{"taxonomy":"product_tag","embeddable":true,"href":"https:\/\/dev.getraenke-center.ch\/index.php?rest_route=%2Fwp%2Fv2%2Fproduct_tag&post=1052"}],"curies":[{"name":"wp","href":"https:\/\/api.w.org\/{rel}","templated":true}]}}