{"id":1053,"date":"2024-11-27T12:00:48","date_gmt":"2024-11-27T12:00:48","guid":{"rendered":"https:\/\/dev.getraenke-center.ch\/?post_type=product&#038;p=1053"},"modified":"2024-11-27T12:00:51","modified_gmt":"2024-11-27T12:00:51","slug":"swiss-crystal-gin-blue-42-070-liter","status":"publish","type":"product","link":"https:\/\/dev.getraenke-center.ch\/?product=swiss-crystal-gin-blue-42-070-liter","title":{"rendered":"Swiss Crystal Gin blue 42% 0,70 Liter"},"content":{"rendered":"<p>Nat\u00fcrlich strahlendes Saphirblau. Dezenter Wacholder gefolgt von kr\u00e4ftig gr\u00fcn herbalen Noten und einem erfrischenden Zitrus-Bouquet aus Zitronen, Limetten und Bergamotte. Die strahlende Frische der Farbe sowie der Eindruck der Nase werden am Gaumen vollumf\u00e4nglich best\u00e4tigt.<\/p>\n","protected":false},"excerpt":{"rendered":"<p>Die Rugen Destillerie produziert im Herzen des Berner Oberlandes bereits seit 2016 erfolgreich den <em>Swiss Crystal Gin<\/em>.<\/p>\n","protected":false},"featured_media":1083,"template":"","meta":{"_kadence_starter_templates_imported_post":false,"_kad_post_transparent":"","_kad_post_title":"","_kad_post_layout":"","_kad_post_sidebar_id":"","_kad_post_content_style":"","_kad_post_vertical_padding":"","_kad_post_feature":"","_kad_post_feature_position":"","_kad_post_header":false,"_kad_post_footer":false},"product_cat":[559,445],"product_tag":[561,597,565,566,567,619,600,612,624],"class_list":{"0":"post-1053","1":"product","2":"type-product","3":"status-publish","4":"has-post-thumbnail","6":"product_cat-gin","7":"product_cat-spirituosen","8":"product_tag-botanicals","9":"product_tag-exquisitecocktails","10":"product_tag-gin","11":"product_tag-gingenuss","12":"product_tag-ginliebhaber","13":"product_tag-kristallklar","14":"product_tag-schweizergin","15":"product_tag-schweizerischeraffinesse","16":"product_tag-tiefblau","18":"first","19":"instock","20":"taxable","21":"shipping-taxable","22":"purchasable","23":"product-type-simple","24":"entry","25":"content-bg","26":"loop-entry"},"jetpack_sharing_enabled":true,"_links":{"self":[{"href":"https:\/\/dev.getraenke-center.ch\/index.php?rest_route=\/wp\/v2\/product\/1053","targetHints":{"allow":["GET"]}}],"collection":[{"href":"https:\/\/dev.getraenke-center.ch\/index.php?rest_route=\/wp\/v2\/product"}],"about":[{"href":"https:\/\/dev.getraenke-center.ch\/index.php?rest_route=\/wp\/v2\/types\/product"}],"wp:featuredmedia":[{"embeddable":true,"href":"https:\/\/dev.getraenke-center.ch\/index.php?rest_route=\/wp\/v2\/media\/1083"}],"wp:attachment":[{"href":"https:\/\/dev.getraenke-center.ch\/index.php?rest_route=%2Fwp%2Fv2%2Fmedia&parent=1053"}],"wp:term":[{"taxonomy":"product_cat","embeddable":true,"href":"https:\/\/dev.getraenke-center.ch\/index.php?rest_route=%2Fwp%2Fv2%2Fproduct_cat&post=1053"},{"taxonomy":"product_tag","embeddable":true,"href":"https:\/\/dev.getraenke-center.ch\/index.php?rest_route=%2Fwp%2Fv2%2Fproduct_tag&post=1053"}],"curies":[{"name":"wp","href":"https:\/\/api.w.org\/{rel}","templated":true}]}}