{"id":1058,"date":"2024-11-27T12:00:48","date_gmt":"2024-11-27T12:00:48","guid":{"rendered":"https:\/\/dev.getraenke-center.ch\/?post_type=product&#038;p=1058"},"modified":"2024-11-27T12:00:52","modified_gmt":"2024-11-27T12:00:52","slug":"gin-falco-43-050-liter","status":"publish","type":"product","link":"https:\/\/dev.getraenke-center.ch\/?product=gin-falco-43-050-liter","title":{"rendered":"Gin Falco 43% 0,50 Liter"},"content":{"rendered":"<p><b>Herrliche Fruchtnoten wie Brombeeren vereint mit leichten Rosmarin Aromen.<\/b>\u00a0<b>Insgesamt verf\u00fchrt der Gin mit seinem wunderbaren floralen Geschmack<\/b>. Die zylindrische schwarze Flasche wird von einem bunt gefiederten Falkenkopf geziert und stellt eine Hommage an die Schweizer Bergwildnis dar<\/p>\n","protected":false},"excerpt":{"rendered":"<p>Ein Schweizer\u00a0<em>Gin<\/em>\u00a0der auch international f\u00fcr Furore sorgt. Ein Mix aus erlesenen Gew\u00fcrzen und Exotischen Fr\u00fcchte.<\/p>\n","protected":false},"featured_media":1088,"template":"","meta":{"_kadence_starter_templates_imported_post":false,"_kad_post_transparent":"","_kad_post_title":"","_kad_post_layout":"","_kad_post_sidebar_id":"","_kad_post_content_style":"","_kad_post_vertical_padding":"","_kad_post_feature":"","_kad_post_feature_position":"","_kad_post_header":false,"_kad_post_footer":false},"product_cat":[559,445],"product_tag":[639,561,640,641,565,566,567,642,643],"class_list":{"0":"post-1058","1":"product","2":"type-product","3":"status-publish","4":"has-post-thumbnail","6":"product_cat-gin","7":"product_cat-spirituosen","8":"product_tag-43prozent","9":"product_tag-botanicals","10":"product_tag-cocktails","11":"product_tag-falcogin","12":"product_tag-gin","13":"product_tag-gingenuss","14":"product_tag-ginliebhaber","15":"product_tag-harmonischekomposition","16":"product_tag-klassischergenuss","18":"first","19":"instock","20":"taxable","21":"shipping-taxable","22":"purchasable","23":"product-type-simple","24":"entry","25":"content-bg","26":"loop-entry"},"jetpack_sharing_enabled":true,"_links":{"self":[{"href":"https:\/\/dev.getraenke-center.ch\/index.php?rest_route=\/wp\/v2\/product\/1058","targetHints":{"allow":["GET"]}}],"collection":[{"href":"https:\/\/dev.getraenke-center.ch\/index.php?rest_route=\/wp\/v2\/product"}],"about":[{"href":"https:\/\/dev.getraenke-center.ch\/index.php?rest_route=\/wp\/v2\/types\/product"}],"wp:featuredmedia":[{"embeddable":true,"href":"https:\/\/dev.getraenke-center.ch\/index.php?rest_route=\/wp\/v2\/media\/1088"}],"wp:attachment":[{"href":"https:\/\/dev.getraenke-center.ch\/index.php?rest_route=%2Fwp%2Fv2%2Fmedia&parent=1058"}],"wp:term":[{"taxonomy":"product_cat","embeddable":true,"href":"https:\/\/dev.getraenke-center.ch\/index.php?rest_route=%2Fwp%2Fv2%2Fproduct_cat&post=1058"},{"taxonomy":"product_tag","embeddable":true,"href":"https:\/\/dev.getraenke-center.ch\/index.php?rest_route=%2Fwp%2Fv2%2Fproduct_tag&post=1058"}],"curies":[{"name":"wp","href":"https:\/\/api.w.org\/{rel}","templated":true}]}}