{"id":1059,"date":"2024-11-27T12:00:48","date_gmt":"2024-11-27T12:00:48","guid":{"rendered":"https:\/\/dev.getraenke-center.ch\/?post_type=product&#038;p=1059"},"modified":"2024-11-27T12:00:53","modified_gmt":"2024-11-27T12:00:53","slug":"gin-hendricks-414-070-liter","status":"publish","type":"product","link":"https:\/\/dev.getraenke-center.ch\/?product=gin-hendricks-414-070-liter","title":{"rendered":"Gin Hendrick\u2018s 41,4% 0,70 Liter"},"content":{"rendered":"<p><b>Hendrick&#8217;s<\/b>\u00a0ist eine Marke f\u00fcr\u00a0<b>Gin<\/b>. Die im Jahr 2000 zun\u00e4chst auf dem US-Markt eingef\u00fchrte Spirituose unterscheidet sich von klassischen Gins dadurch, dass das an sich\u00a0<b>Gin<\/b>-typische Wacholder-Aroma nur schwach ausgepr\u00e4gt ist. Charakteristisch ist die Aromatisierung mit Gurken- und Rosenblatt-Essenzen.<\/p>\n","protected":false},"excerpt":{"rendered":"<div class=\"MjjYud\">\n<div class=\"g Ww4FFb vt6azd tF2Cxc asEBEc\" lang=\"en\" data-hveid=\"CC0QAA\" data-ved=\"2ahUKEwja96CYksaCAxWI-6QKHaVdAggQFSgAegQILRAA\">\n<div class=\"N54PNb BToiNc cvP2Ce\" data-snc=\"ih6Jnb_Fn4vC\">\n<div class=\"kb0PBd cvP2Ce\" data-sncf=\"1\" data-snf=\"nke7rc\">\n<div class=\"VwiC3b yXK7lf lyLwlc yDYNvb W8l4ac lEBKkf\">Lernen Sie den herrlich eigenartigen Hendrick&#8217;s Gin kennen \u2013 einen \u00e4u\u00dferst ungew\u00f6hnlichen Premium-Gin, der in Schottland mit seltsamen, aber wunderbaren Aufg\u00fcssen von Gurke und Rose destilliert wird.<\/div>\n<\/div>\n<div class=\"kb0PBd cvP2Ce\" data-sncf=\"2\" data-snf=\"mCCBcf\">\n<div class=\"fG8Fp uo4vr\"><\/div>\n<\/div>\n<\/div>\n<\/div>\n<\/div>\n<div class=\"MjjYud\">\n<div class=\"g Ww4FFb vt6azd tF2Cxc asEBEc\" lang=\"de\" data-hveid=\"CDYQAA\" data-ved=\"2ahUKEwja96CYksaCAxWI-6QKHaVdAggQFSgAegQINhAA\">\n<div class=\"srKDX cvP2Ce\" data-snc=\"ih6Jnb_QsMDRc\">\n<div class=\"kb0PBd cvP2Ce jGGQ5e ieodic\" data-snf=\"x5WNvb\" data-snhf=\"0\">\n<div class=\"yuRUbf\"><\/div>\n<\/div>\n<\/div>\n<\/div>\n<\/div>\n","protected":false},"featured_media":1089,"template":"","meta":{"_kadence_starter_templates_imported_post":false,"_kad_post_transparent":"","_kad_post_title":"","_kad_post_layout":"","_kad_post_sidebar_id":"","_kad_post_content_style":"","_kad_post_vertical_padding":"","_kad_post_feature":"","_kad_post_feature_position":"","_kad_post_header":false,"_kad_post_footer":false},"product_cat":[559,445],"product_tag":[561,644,645,565,566,567,646,628,647],"class_list":{"0":"post-1059","1":"product","2":"type-product","3":"status-publish","4":"has-post-thumbnail","6":"product_cat-gin","7":"product_cat-spirituosen","8":"product_tag-botanicals","9":"product_tag-einzigartigergin","10":"product_tag-genussmomente","11":"product_tag-gin","12":"product_tag-gingenuss","13":"product_tag-ginliebhaber","14":"product_tag-hendricksgin","15":"product_tag-kreativecocktails","16":"product_tag-kunstderginherstellung","18":"first","19":"instock","20":"taxable","21":"shipping-taxable","22":"purchasable","23":"product-type-simple","24":"entry","25":"content-bg","26":"loop-entry"},"jetpack_sharing_enabled":true,"_links":{"self":[{"href":"https:\/\/dev.getraenke-center.ch\/index.php?rest_route=\/wp\/v2\/product\/1059","targetHints":{"allow":["GET"]}}],"collection":[{"href":"https:\/\/dev.getraenke-center.ch\/index.php?rest_route=\/wp\/v2\/product"}],"about":[{"href":"https:\/\/dev.getraenke-center.ch\/index.php?rest_route=\/wp\/v2\/types\/product"}],"wp:featuredmedia":[{"embeddable":true,"href":"https:\/\/dev.getraenke-center.ch\/index.php?rest_route=\/wp\/v2\/media\/1089"}],"wp:attachment":[{"href":"https:\/\/dev.getraenke-center.ch\/index.php?rest_route=%2Fwp%2Fv2%2Fmedia&parent=1059"}],"wp:term":[{"taxonomy":"product_cat","embeddable":true,"href":"https:\/\/dev.getraenke-center.ch\/index.php?rest_route=%2Fwp%2Fv2%2Fproduct_cat&post=1059"},{"taxonomy":"product_tag","embeddable":true,"href":"https:\/\/dev.getraenke-center.ch\/index.php?rest_route=%2Fwp%2Fv2%2Fproduct_tag&post=1059"}],"curies":[{"name":"wp","href":"https:\/\/api.w.org\/{rel}","templated":true}]}}