{"id":1061,"date":"2024-11-27T12:00:48","date_gmt":"2024-11-27T12:00:48","guid":{"rendered":"https:\/\/dev.getraenke-center.ch\/?post_type=product&#038;p=1061"},"modified":"2024-11-27T12:00:53","modified_gmt":"2024-11-27T12:00:53","slug":"gin-gordons-london-dry-gin-pink-375-070-liter","status":"publish","type":"product","link":"https:\/\/dev.getraenke-center.ch\/?product=gin-gordons-london-dry-gin-pink-375-070-liter","title":{"rendered":"Gin Gordon&#8217;s London Dry Gin Pink 37,5% 0,70 Liter"},"content":{"rendered":"<p><b>Zur sortentypischen S\u00fc\u00dfe von Himbeeren und Erdbeeren gesellen sich s\u00e4uerlich-herbe Facetten von Johannisbeeren<\/b>. Gordon&#8217;s Premium Pink Gin ist ein hervorragender Begleiter f\u00fcr laue Sommern\u00e4chte.<\/p>\n","protected":false},"excerpt":{"rendered":"<p>Gordon&#8217;s Pink Gin \u2013 perfekte Balance aus Wacholder &amp; Beeren<\/p>\n","protected":false},"featured_media":1091,"template":"","meta":{"_kadence_starter_templates_imported_post":false,"_kad_post_transparent":"","_kad_post_title":"","_kad_post_layout":"","_kad_post_sidebar_id":"","_kad_post_content_style":"","_kad_post_vertical_padding":"","_kad_post_feature":"","_kad_post_feature_position":"","_kad_post_header":false,"_kad_post_footer":false},"product_cat":[559,445],"product_tag":[653,616,565,566,567,654,655,656,657,658],"class_list":{"0":"post-1061","1":"product","2":"type-product","3":"status-publish","4":"has-post-thumbnail","6":"product_cat-gin","7":"product_cat-spirituosen","8":"product_tag-erfrischendergin","9":"product_tag-fruchtigecocktails","10":"product_tag-gin","11":"product_tag-gingenuss","12":"product_tag-ginliebhaber","13":"product_tag-gordonspink","14":"product_tag-himbeernote","15":"product_tag-sommergenuss","16":"product_tag-sonnigetage","17":"product_tag-wacholder","19":"first","20":"instock","21":"taxable","22":"shipping-taxable","23":"purchasable","24":"product-type-simple","25":"entry","26":"content-bg","27":"loop-entry"},"jetpack_sharing_enabled":true,"_links":{"self":[{"href":"https:\/\/dev.getraenke-center.ch\/index.php?rest_route=\/wp\/v2\/product\/1061","targetHints":{"allow":["GET"]}}],"collection":[{"href":"https:\/\/dev.getraenke-center.ch\/index.php?rest_route=\/wp\/v2\/product"}],"about":[{"href":"https:\/\/dev.getraenke-center.ch\/index.php?rest_route=\/wp\/v2\/types\/product"}],"wp:featuredmedia":[{"embeddable":true,"href":"https:\/\/dev.getraenke-center.ch\/index.php?rest_route=\/wp\/v2\/media\/1091"}],"wp:attachment":[{"href":"https:\/\/dev.getraenke-center.ch\/index.php?rest_route=%2Fwp%2Fv2%2Fmedia&parent=1061"}],"wp:term":[{"taxonomy":"product_cat","embeddable":true,"href":"https:\/\/dev.getraenke-center.ch\/index.php?rest_route=%2Fwp%2Fv2%2Fproduct_cat&post=1061"},{"taxonomy":"product_tag","embeddable":true,"href":"https:\/\/dev.getraenke-center.ch\/index.php?rest_route=%2Fwp%2Fv2%2Fproduct_tag&post=1061"}],"curies":[{"name":"wp","href":"https:\/\/api.w.org\/{rel}","templated":true}]}}