{"id":1095,"date":"2024-11-27T12:00:54","date_gmt":"2024-11-27T12:00:54","guid":{"rendered":"https:\/\/dev.getraenke-center.ch\/?post_type=product&#038;p=1095"},"modified":"2024-11-27T12:00:55","modified_gmt":"2024-11-27T12:00:55","slug":"cachaca-pitu-do-brasil-40-070-liter","status":"publish","type":"product","link":"https:\/\/dev.getraenke-center.ch\/?product=cachaca-pitu-do-brasil-40-070-liter","title":{"rendered":"Cachaca Pitu do Brasil  40% 0,70 Liter"},"content":{"rendered":"<p>O ritmo do Brasil PIT\u00da ist eine\u00a0<b>brasilianische Spirituose aus reinem Zuckerrohr<\/b>. F\u00fcr PIT\u00da wird nur bestes, ausgew\u00e4hltes Zuckerrohr verwendet, destilliert und auf h\u00f6chstem technischen Standard verarbeitet. Die so erreichte Qualit\u00e4t bildet die ideale Grundlage f\u00fcr eine Premium Caipirinha.<\/p>\n","protected":false},"excerpt":{"rendered":"<p>Der Chachaca ist absolut nach meinem Geschmack. Ein sehr feines und exzellentes Gestr\u00e4nk<\/p>\n","protected":false},"featured_media":1125,"template":"","meta":{"_kadence_starter_templates_imported_post":false,"_kad_post_transparent":"","_kad_post_title":"","_kad_post_layout":"","_kad_post_sidebar_id":"","_kad_post_content_style":"","_kad_post_vertical_padding":"","_kad_post_feature":"","_kad_post_feature_position":"","_kad_post_header":false,"_kad_post_footer":false},"product_cat":[450,445],"product_tag":[673,667,668,669,640,674,675,671],"class_list":{"0":"post-1095","1":"product","2":"type-product","3":"status-publish","4":"has-post-thumbnail","6":"product_cat-likoer","7":"product_cat-spirituosen","8":"product_tag-authentischergeschmack","9":"product_tag-brasilianischerschnaps","10":"product_tag-brasilien","11":"product_tag-cachaca","12":"product_tag-cocktails","13":"product_tag-intensivergenuss","14":"product_tag-pitudobrasil","15":"product_tag-spirituosenliebhaber","17":"first","18":"instock","19":"taxable","20":"shipping-taxable","21":"purchasable","22":"product-type-simple","23":"entry","24":"content-bg","25":"loop-entry"},"jetpack_sharing_enabled":true,"_links":{"self":[{"href":"https:\/\/dev.getraenke-center.ch\/index.php?rest_route=\/wp\/v2\/product\/1095","targetHints":{"allow":["GET"]}}],"collection":[{"href":"https:\/\/dev.getraenke-center.ch\/index.php?rest_route=\/wp\/v2\/product"}],"about":[{"href":"https:\/\/dev.getraenke-center.ch\/index.php?rest_route=\/wp\/v2\/types\/product"}],"wp:featuredmedia":[{"embeddable":true,"href":"https:\/\/dev.getraenke-center.ch\/index.php?rest_route=\/wp\/v2\/media\/1125"}],"wp:attachment":[{"href":"https:\/\/dev.getraenke-center.ch\/index.php?rest_route=%2Fwp%2Fv2%2Fmedia&parent=1095"}],"wp:term":[{"taxonomy":"product_cat","embeddable":true,"href":"https:\/\/dev.getraenke-center.ch\/index.php?rest_route=%2Fwp%2Fv2%2Fproduct_cat&post=1095"},{"taxonomy":"product_tag","embeddable":true,"href":"https:\/\/dev.getraenke-center.ch\/index.php?rest_route=%2Fwp%2Fv2%2Fproduct_tag&post=1095"}],"curies":[{"name":"wp","href":"https:\/\/api.w.org\/{rel}","templated":true}]}}