{"id":1096,"date":"2024-11-27T12:00:54","date_gmt":"2024-11-27T12:00:54","guid":{"rendered":"https:\/\/dev.getraenke-center.ch\/?post_type=product&#038;p=1096"},"modified":"2024-11-27T12:00:55","modified_gmt":"2024-11-27T12:00:55","slug":"likoer-vodka-red-trojka-24-070-liter","status":"publish","type":"product","link":"https:\/\/dev.getraenke-center.ch\/?product=likoer-vodka-red-trojka-24-070-liter","title":{"rendered":"Lik\u00f6r Vodka Red Trojka 24% 0,70 Liter"},"content":{"rendered":"<p>Die \u00fcberwiegend fruchtigen Lik\u00f6re der Marke Trojka werden von der familiengef\u00fchrten Distillerie Willisau (DIWISA) aus der Schweiz hergestellt und stellen eine breite Geschmackspalette in farbenfroher Gestalt dar.<\/p>\n","protected":false},"excerpt":{"rendered":"<p>Trojka Vodka Red ist ein\u00a0<b>k\u00f6stlicher Lik\u00f6r auf Wodka-Basis<\/b>!<\/p>\n","protected":false},"featured_media":1126,"template":"","meta":{"_kadence_starter_templates_imported_post":false,"_kad_post_transparent":"","_kad_post_title":"","_kad_post_layout":"","_kad_post_sidebar_id":"","_kad_post_content_style":"","_kad_post_vertical_padding":"","_kad_post_feature":"","_kad_post_feature_position":"","_kad_post_header":false,"_kad_post_footer":false},"product_cat":[450,445],"product_tag":[404,640,41,676,42,677,678,671,679],"class_list":{"0":"post-1096","1":"product","2":"type-product","3":"status-publish","4":"has-post-thumbnail","6":"product_cat-likoer","7":"product_cat-spirituosen","8":"product_tag-besonderemomente","9":"product_tag-cocktails","10":"product_tag-erfrischend","11":"product_tag-fruchtigercharakter","12":"product_tag-genuss","13":"product_tag-redtrojka","14":"product_tag-russischerwodka","15":"product_tag-spirituosenliebhaber","16":"product_tag-vodka","18":"first","19":"instock","20":"taxable","21":"shipping-taxable","22":"purchasable","23":"product-type-simple","24":"entry","25":"content-bg","26":"loop-entry"},"jetpack_sharing_enabled":true,"_links":{"self":[{"href":"https:\/\/dev.getraenke-center.ch\/index.php?rest_route=\/wp\/v2\/product\/1096","targetHints":{"allow":["GET"]}}],"collection":[{"href":"https:\/\/dev.getraenke-center.ch\/index.php?rest_route=\/wp\/v2\/product"}],"about":[{"href":"https:\/\/dev.getraenke-center.ch\/index.php?rest_route=\/wp\/v2\/types\/product"}],"wp:featuredmedia":[{"embeddable":true,"href":"https:\/\/dev.getraenke-center.ch\/index.php?rest_route=\/wp\/v2\/media\/1126"}],"wp:attachment":[{"href":"https:\/\/dev.getraenke-center.ch\/index.php?rest_route=%2Fwp%2Fv2%2Fmedia&parent=1096"}],"wp:term":[{"taxonomy":"product_cat","embeddable":true,"href":"https:\/\/dev.getraenke-center.ch\/index.php?rest_route=%2Fwp%2Fv2%2Fproduct_cat&post=1096"},{"taxonomy":"product_tag","embeddable":true,"href":"https:\/\/dev.getraenke-center.ch\/index.php?rest_route=%2Fwp%2Fv2%2Fproduct_tag&post=1096"}],"curies":[{"name":"wp","href":"https:\/\/api.w.org\/{rel}","templated":true}]}}