{"id":1097,"date":"2024-11-27T12:00:54","date_gmt":"2024-11-27T12:00:54","guid":{"rendered":"https:\/\/dev.getraenke-center.ch\/?post_type=product&#038;p=1097"},"modified":"2024-11-27T12:00:55","modified_gmt":"2024-11-27T12:00:55","slug":"vodka-blue-trojka-liqueur-20-070-liter","status":"publish","type":"product","link":"https:\/\/dev.getraenke-center.ch\/?product=vodka-blue-trojka-liqueur-20-070-liter","title":{"rendered":"Vodka Blue Trojka Liqueur 20% 0,70 Liter"},"content":{"rendered":"<p>Die \u00fcberwiegend fruchtigen Lik\u00f6re der Marke Trojka werden von der familiengef\u00fchrten Distillerie Willisau (DIWISA) aus der Schweiz hergestellt und stellen eine breite Geschmackspalette in farbenfroher Gestalt dar.<\/p>\n","protected":false},"excerpt":{"rendered":"<p>Trojka Vodka Blue ist ein\u00a0<b>besonders erfrischender Lik\u00f6r auf Wodka-Basis<\/b>!<\/p>\n","protected":false},"featured_media":1127,"template":"","meta":{"_kadence_starter_templates_imported_post":false,"_kad_post_transparent":"","_kad_post_title":"","_kad_post_layout":"","_kad_post_sidebar_id":"","_kad_post_content_style":"","_kad_post_vertical_padding":"","_kad_post_feature":"","_kad_post_feature_position":"","_kad_post_header":false,"_kad_post_footer":false},"product_cat":[445,680],"product_tag":[681,682,640,41,676,42,671,683],"class_list":{"0":"post-1097","1":"product","2":"type-product","3":"status-publish","4":"has-post-thumbnail","6":"product_cat-spirituosen","7":"product_cat-vodka","8":"product_tag-blaueerfrischung","9":"product_tag-bluetrojkalikoer","10":"product_tag-cocktails","11":"product_tag-erfrischend","12":"product_tag-fruchtigercharakter","13":"product_tag-genuss","14":"product_tag-spirituosenliebhaber","15":"product_tag-wodka","17":"first","18":"instock","19":"taxable","20":"shipping-taxable","21":"purchasable","22":"product-type-simple","23":"entry","24":"content-bg","25":"loop-entry"},"jetpack_sharing_enabled":true,"_links":{"self":[{"href":"https:\/\/dev.getraenke-center.ch\/index.php?rest_route=\/wp\/v2\/product\/1097","targetHints":{"allow":["GET"]}}],"collection":[{"href":"https:\/\/dev.getraenke-center.ch\/index.php?rest_route=\/wp\/v2\/product"}],"about":[{"href":"https:\/\/dev.getraenke-center.ch\/index.php?rest_route=\/wp\/v2\/types\/product"}],"wp:featuredmedia":[{"embeddable":true,"href":"https:\/\/dev.getraenke-center.ch\/index.php?rest_route=\/wp\/v2\/media\/1127"}],"wp:attachment":[{"href":"https:\/\/dev.getraenke-center.ch\/index.php?rest_route=%2Fwp%2Fv2%2Fmedia&parent=1097"}],"wp:term":[{"taxonomy":"product_cat","embeddable":true,"href":"https:\/\/dev.getraenke-center.ch\/index.php?rest_route=%2Fwp%2Fv2%2Fproduct_cat&post=1097"},{"taxonomy":"product_tag","embeddable":true,"href":"https:\/\/dev.getraenke-center.ch\/index.php?rest_route=%2Fwp%2Fv2%2Fproduct_tag&post=1097"}],"curies":[{"name":"wp","href":"https:\/\/api.w.org\/{rel}","templated":true}]}}