{"id":1218,"date":"2024-11-27T12:01:05","date_gmt":"2024-11-27T12:01:05","guid":{"rendered":"https:\/\/dev.getraenke-center.ch\/?post_type=product&#038;p=1218"},"modified":"2024-11-27T12:01:07","modified_gmt":"2024-11-27T12:01:07","slug":"rotwein-noir-plaisir-domaine-des-alouettes-6fl-x-075-liter","status":"publish","type":"product","link":"https:\/\/dev.getraenke-center.ch\/?product=rotwein-noir-plaisir-domaine-des-alouettes-6fl-x-075-liter","title":{"rendered":"Rotwein Noir Plaisir Domaine des Alouettes 6fl x 0,75 Liter"},"content":{"rendered":"<p>Dunkles Kirschrot. Die Assemblage aus Gamaret und Garanoir besticht mit Frische und einer reifen Kirschfrucht in der Nase. Kraftvoller Gaumen mit langem S\u00e4urenerv und k\u00f6rnigem Tannin. Noten von Holzrauch und \u00e4therischen Kr\u00e4utern im Abgang.<\/p>\n","protected":false},"excerpt":{"rendered":"<p>Preis pro Flasche<\/p>\n<p>Farbe : Leuchtendes, dunkles rubin. Bouquet : Aromen von roten Fr\u00fcchten (Kirsche) und Anflug von Leder Gaumen : Ein eleganter, milder<\/p>\n","protected":false},"featured_media":1248,"template":"","meta":{"_kadence_starter_templates_imported_post":false,"_kad_post_transparent":"","_kad_post_title":"","_kad_post_layout":"","_kad_post_sidebar_id":"","_kad_post_content_style":"","_kad_post_vertical_padding":"","_kad_post_feature":"","_kad_post_feature_position":"","_kad_post_header":false,"_kad_post_footer":false},"product_cat":[65],"product_tag":[742],"class_list":{"0":"post-1218","1":"product","2":"type-product","3":"status-publish","4":"has-post-thumbnail","6":"product_cat-rotwein","7":"product_tag-wein-noirplaisir-domainedesalouettes-weingenuss-gourmet-weinliebhaber-leidenschaft-aromenvielfalt","9":"first","10":"instock","11":"taxable","12":"shipping-taxable","13":"purchasable","14":"product-type-simple","15":"entry","16":"content-bg","17":"loop-entry"},"jetpack_sharing_enabled":true,"_links":{"self":[{"href":"https:\/\/dev.getraenke-center.ch\/index.php?rest_route=\/wp\/v2\/product\/1218","targetHints":{"allow":["GET"]}}],"collection":[{"href":"https:\/\/dev.getraenke-center.ch\/index.php?rest_route=\/wp\/v2\/product"}],"about":[{"href":"https:\/\/dev.getraenke-center.ch\/index.php?rest_route=\/wp\/v2\/types\/product"}],"wp:featuredmedia":[{"embeddable":true,"href":"https:\/\/dev.getraenke-center.ch\/index.php?rest_route=\/wp\/v2\/media\/1248"}],"wp:attachment":[{"href":"https:\/\/dev.getraenke-center.ch\/index.php?rest_route=%2Fwp%2Fv2%2Fmedia&parent=1218"}],"wp:term":[{"taxonomy":"product_cat","embeddable":true,"href":"https:\/\/dev.getraenke-center.ch\/index.php?rest_route=%2Fwp%2Fv2%2Fproduct_cat&post=1218"},{"taxonomy":"product_tag","embeddable":true,"href":"https:\/\/dev.getraenke-center.ch\/index.php?rest_route=%2Fwp%2Fv2%2Fproduct_tag&post=1218"}],"curies":[{"name":"wp","href":"https:\/\/api.w.org\/{rel}","templated":true}]}}