{"id":1237,"date":"2024-11-27T12:01:06","date_gmt":"2024-11-27T12:01:06","guid":{"rendered":"https:\/\/dev.getraenke-center.ch\/?post_type=product&#038;p=1237"},"modified":"2024-11-27T12:01:10","modified_gmt":"2024-11-27T12:01:10","slug":"rotwein-graveline-assemblage-rouge-provins-15fl-x-050-liter","status":"publish","type":"product","link":"https:\/\/dev.getraenke-center.ch\/?product=rotwein-graveline-assemblage-rouge-provins-15fl-x-050-liter","title":{"rendered":"Rotwein Graveline Assemblage rouge Provins 15fl x 0,50 Liter"},"content":{"rendered":"<p>Frisch und ausgewogen ist diese granatrote Cuv\u00e9e mit einem dezent fruchtigen Bukett von Birne, Quitte, Pflaume und Brombeere, dazu etwas D\u00f6rrpflaume und grasige Noten. Pr\u00e4sente Tannine und eine mittlere F\u00fclle charakterisieren den Gaumen, etwas R\u00f6st- und Gew\u00fcrzaspekte erg\u00e4nzen die Aromatik.<\/p>\n","protected":false},"excerpt":{"rendered":"<p>Preis pro Flasche<\/p>\n<p>Der Pinot Noir verleiht dem Wein Kraft und Struktur, die Gamay-Trauben Fruchtigkeit und Frische.<\/p>\n","protected":false},"featured_media":1267,"template":"","meta":{"_kadence_starter_templates_imported_post":false,"_kad_post_transparent":"","_kad_post_title":"","_kad_post_layout":"","_kad_post_sidebar_id":"","_kad_post_content_style":"","_kad_post_vertical_padding":"","_kad_post_feature":"","_kad_post_feature_position":"","_kad_post_header":false,"_kad_post_footer":false},"product_cat":[65],"product_tag":[765],"class_list":{"0":"post-1237","1":"product","2":"type-product","3":"status-publish","4":"has-post-thumbnail","6":"product_cat-rotwein","7":"product_tag-wein-gravelineassemblagerouge-provins-weingenuss-gourmet-weinliebhaber-vielfalt-harmonischeassemblage","9":"first","10":"instock","11":"taxable","12":"shipping-taxable","13":"purchasable","14":"product-type-simple","15":"entry","16":"content-bg","17":"loop-entry"},"jetpack_sharing_enabled":true,"_links":{"self":[{"href":"https:\/\/dev.getraenke-center.ch\/index.php?rest_route=\/wp\/v2\/product\/1237","targetHints":{"allow":["GET"]}}],"collection":[{"href":"https:\/\/dev.getraenke-center.ch\/index.php?rest_route=\/wp\/v2\/product"}],"about":[{"href":"https:\/\/dev.getraenke-center.ch\/index.php?rest_route=\/wp\/v2\/types\/product"}],"wp:featuredmedia":[{"embeddable":true,"href":"https:\/\/dev.getraenke-center.ch\/index.php?rest_route=\/wp\/v2\/media\/1267"}],"wp:attachment":[{"href":"https:\/\/dev.getraenke-center.ch\/index.php?rest_route=%2Fwp%2Fv2%2Fmedia&parent=1237"}],"wp:term":[{"taxonomy":"product_cat","embeddable":true,"href":"https:\/\/dev.getraenke-center.ch\/index.php?rest_route=%2Fwp%2Fv2%2Fproduct_cat&post=1237"},{"taxonomy":"product_tag","embeddable":true,"href":"https:\/\/dev.getraenke-center.ch\/index.php?rest_route=%2Fwp%2Fv2%2Fproduct_tag&post=1237"}],"curies":[{"name":"wp","href":"https:\/\/api.w.org\/{rel}","templated":true}]}}