{"id":1282,"date":"2024-11-27T12:01:12","date_gmt":"2024-11-27T12:01:12","guid":{"rendered":"https:\/\/dev.getraenke-center.ch\/?post_type=product&#038;p=1282"},"modified":"2024-11-27T12:01:14","modified_gmt":"2024-11-27T12:01:14","slug":"rotwein-montepulciano-dabruzzo-villa-cerra-15-fl-x-050-liter","status":"publish","type":"product","link":"https:\/\/dev.getraenke-center.ch\/?product=rotwein-montepulciano-dabruzzo-villa-cerra-15-fl-x-050-liter","title":{"rendered":"Rotwein Montepulciano d&#8217;Abruzzo Villa Cerra 15 fl x 0,50 Liter"},"content":{"rendered":"<p>Mittlerer rotvioletter Farbton. Beim \u00d6ffnen des Weins offenbart sich in der Nase ein Hauch von Erdbeeraromen. Der Geschmack des Weins passt zur Nase mit zus\u00e4tzlichen Noten von Tabak und Zeder. Es hat eine gewisse Geschmeidigkeit und ein Gef\u00fchl im K\u00f6rper, das an etwas Sch\u00f6nes erinnert. Der Abgang hat nussige Noten, Trockenfr\u00fcchte, Backgew\u00fcrze und eine subtile mineralische Note.<\/p>\n","protected":false},"excerpt":{"rendered":"<p>Preis pro Flasche<\/p>\n<p>Textur der alten Welt, nussig und rustikal. Reife Erdbeeren und helle Kirschen mischen sich, dominieren aber nicht.<\/p>\n","protected":false},"featured_media":1312,"template":"","meta":{"_kadence_starter_templates_imported_post":false,"_kad_post_transparent":"","_kad_post_title":"","_kad_post_layout":"","_kad_post_sidebar_id":"","_kad_post_content_style":"","_kad_post_vertical_padding":"","_kad_post_feature":"","_kad_post_feature_position":"","_kad_post_header":false,"_kad_post_footer":false},"product_cat":[65],"product_tag":[522,793,794,795,757,758,796,760],"class_list":{"0":"post-1282","1":"product","2":"type-product","3":"status-publish","4":"has-post-thumbnail","6":"product_cat-rotwein","7":"product_tag-weinliebhaber","8":"product_tag-finesse","9":"product_tag-italienischer-wein","10":"product_tag-montepulciano-dabruzzo","11":"product_tag-premiumwein","12":"product_tag-rotwein","13":"product_tag-villa-cerra","14":"product_tag-weinregion","16":"first","17":"instock","18":"taxable","19":"shipping-taxable","20":"purchasable","21":"product-type-simple","22":"entry","23":"content-bg","24":"loop-entry"},"jetpack_sharing_enabled":true,"_links":{"self":[{"href":"https:\/\/dev.getraenke-center.ch\/index.php?rest_route=\/wp\/v2\/product\/1282","targetHints":{"allow":["GET"]}}],"collection":[{"href":"https:\/\/dev.getraenke-center.ch\/index.php?rest_route=\/wp\/v2\/product"}],"about":[{"href":"https:\/\/dev.getraenke-center.ch\/index.php?rest_route=\/wp\/v2\/types\/product"}],"wp:featuredmedia":[{"embeddable":true,"href":"https:\/\/dev.getraenke-center.ch\/index.php?rest_route=\/wp\/v2\/media\/1312"}],"wp:attachment":[{"href":"https:\/\/dev.getraenke-center.ch\/index.php?rest_route=%2Fwp%2Fv2%2Fmedia&parent=1282"}],"wp:term":[{"taxonomy":"product_cat","embeddable":true,"href":"https:\/\/dev.getraenke-center.ch\/index.php?rest_route=%2Fwp%2Fv2%2Fproduct_cat&post=1282"},{"taxonomy":"product_tag","embeddable":true,"href":"https:\/\/dev.getraenke-center.ch\/index.php?rest_route=%2Fwp%2Fv2%2Fproduct_tag&post=1282"}],"curies":[{"name":"wp","href":"https:\/\/api.w.org\/{rel}","templated":true}]}}