{"id":1285,"date":"2024-11-27T12:01:12","date_gmt":"2024-11-27T12:01:12","guid":{"rendered":"https:\/\/dev.getraenke-center.ch\/?post_type=product&#038;p=1285"},"modified":"2024-11-27T12:01:14","modified_gmt":"2024-11-27T12:01:14","slug":"rotwein-primitivo-di-manduria-doc-silentium-6fl-x-0375-liter","status":"publish","type":"product","link":"https:\/\/dev.getraenke-center.ch\/?product=rotwein-primitivo-di-manduria-doc-silentium-6fl-x-0375-liter","title":{"rendered":"Rotwein Primitivo di Manduria DOC SILENTIUM 6fl x 0,375 Liter"},"content":{"rendered":"<p>Die Ankl\u00e4nge von dunklen Beeren wie Heidelbeere und Brombeere sind in Harmonie mit den Vanille-, Karamell- und leichten Rauchnoten. Am Gaumen ist der Silentium f\u00fcllig und weich mit leichter S\u00fcsse, gut eingebundener S\u00e4ure und reifen, noch pr\u00e4senten Tanninen.<\/p>\n","protected":false},"excerpt":{"rendered":"<p>Preis pro Flasche<\/p>\n<p>Brombeere, D\u00f6rrobst und weiche Vanille- und Zimtaromen begeistern Nase und Gaumen bei diesem gehaltvollen granatroten Wein.<\/p>\n","protected":false},"featured_media":1315,"template":"","meta":{"_kadence_starter_templates_imported_post":false,"_kad_post_transparent":"","_kad_post_title":"","_kad_post_layout":"","_kad_post_sidebar_id":"","_kad_post_content_style":"","_kad_post_vertical_padding":"","_kad_post_feature":"","_kad_post_feature_position":"","_kad_post_header":false,"_kad_post_footer":false},"product_cat":[65],"product_tag":[582,522,803,797,794,757,804,758,805,760],"class_list":{"0":"post-1285","1":"product","2":"type-product","3":"status-publish","4":"has-post-thumbnail","6":"product_cat-rotwein","7":"product_tag-tradition","8":"product_tag-weinliebhaber","9":"product_tag-apulien","10":"product_tag-doc","11":"product_tag-italienischer-wein","12":"product_tag-premiumwein","13":"product_tag-primitivo-di-manduria","14":"product_tag-rotwein","15":"product_tag-sonnenverwoehnter-geschmack","16":"product_tag-weinregion","18":"first","19":"instock","20":"taxable","21":"shipping-taxable","22":"purchasable","23":"product-type-simple","24":"entry","25":"content-bg","26":"loop-entry"},"jetpack_sharing_enabled":true,"_links":{"self":[{"href":"https:\/\/dev.getraenke-center.ch\/index.php?rest_route=\/wp\/v2\/product\/1285","targetHints":{"allow":["GET"]}}],"collection":[{"href":"https:\/\/dev.getraenke-center.ch\/index.php?rest_route=\/wp\/v2\/product"}],"about":[{"href":"https:\/\/dev.getraenke-center.ch\/index.php?rest_route=\/wp\/v2\/types\/product"}],"wp:featuredmedia":[{"embeddable":true,"href":"https:\/\/dev.getraenke-center.ch\/index.php?rest_route=\/wp\/v2\/media\/1315"}],"wp:attachment":[{"href":"https:\/\/dev.getraenke-center.ch\/index.php?rest_route=%2Fwp%2Fv2%2Fmedia&parent=1285"}],"wp:term":[{"taxonomy":"product_cat","embeddable":true,"href":"https:\/\/dev.getraenke-center.ch\/index.php?rest_route=%2Fwp%2Fv2%2Fproduct_cat&post=1285"},{"taxonomy":"product_tag","embeddable":true,"href":"https:\/\/dev.getraenke-center.ch\/index.php?rest_route=%2Fwp%2Fv2%2Fproduct_tag&post=1285"}],"curies":[{"name":"wp","href":"https:\/\/api.w.org\/{rel}","templated":true}]}}