{"id":1291,"date":"2024-11-27T12:01:12","date_gmt":"2024-11-27T12:01:12","guid":{"rendered":"https:\/\/dev.getraenke-center.ch\/?post_type=product&#038;p=1291"},"modified":"2024-11-27T12:01:15","modified_gmt":"2024-11-27T12:01:15","slug":"rotwein-negroamaro-di-salento-igt-mavrio-6fl-x-075-liter","status":"publish","type":"product","link":"https:\/\/dev.getraenke-center.ch\/?product=rotwein-negroamaro-di-salento-igt-mavrio-6fl-x-075-liter","title":{"rendered":"Rotwein Negroamaro di Salento IGT MAVRIO 6fl x 0,75 Liter"},"content":{"rendered":"<p>MAVRIO ist ein\u00a0<b>kr\u00e4ftiger Wein aus Apulien<\/b>. Ein Negroamaro ist, wie der Name schon sagt, tief im Glas. Sein intensives und vielf\u00e4ltiges Bouquet duftet nach Pflaumen, Kirschen und schwarzen Beeren. Das Aroma wird abgerundet durch Trockenfr\u00fcchte, Nelken, Lakritze und sch\u00f6ne R\u00f6stnoten sowie Kaffee und Schokolade.<\/p>\n","protected":false},"excerpt":{"rendered":"<p>Preis pro Flasche<\/p>\n<p>Der\u00a0<em>Mavrio<\/em>\u00a0ist ein\u00a0<em>Negroamaro<\/em>\u00a0mit viel Wucht und Kraft. Die liebliche Art begeistert vom ersten Schluck weg.<\/p>\n","protected":false},"featured_media":1321,"template":"","meta":{"_kadence_starter_templates_imported_post":false,"_kad_post_transparent":"","_kad_post_title":"","_kad_post_layout":"","_kad_post_sidebar_id":"","_kad_post_content_style":"","_kad_post_vertical_padding":"","_kad_post_feature":"","_kad_post_feature_position":"","_kad_post_header":false,"_kad_post_footer":false},"product_cat":[65],"product_tag":[596,522,813,794,815,816,757,758,760],"class_list":{"0":"post-1291","1":"product","2":"type-product","3":"status-publish","4":"has-post-thumbnail","6":"product_cat-rotwein","7":"product_tag-eleganz","8":"product_tag-weinliebhaber","9":"product_tag-igt","10":"product_tag-italienischer-wein","11":"product_tag-mavrio","12":"product_tag-negroamaro-di-salento","13":"product_tag-premiumwein","14":"product_tag-rotwein","15":"product_tag-weinregion","17":"first","18":"instock","19":"taxable","20":"shipping-taxable","21":"purchasable","22":"product-type-simple","23":"entry","24":"content-bg","25":"loop-entry"},"jetpack_sharing_enabled":true,"_links":{"self":[{"href":"https:\/\/dev.getraenke-center.ch\/index.php?rest_route=\/wp\/v2\/product\/1291","targetHints":{"allow":["GET"]}}],"collection":[{"href":"https:\/\/dev.getraenke-center.ch\/index.php?rest_route=\/wp\/v2\/product"}],"about":[{"href":"https:\/\/dev.getraenke-center.ch\/index.php?rest_route=\/wp\/v2\/types\/product"}],"wp:featuredmedia":[{"embeddable":true,"href":"https:\/\/dev.getraenke-center.ch\/index.php?rest_route=\/wp\/v2\/media\/1321"}],"wp:attachment":[{"href":"https:\/\/dev.getraenke-center.ch\/index.php?rest_route=%2Fwp%2Fv2%2Fmedia&parent=1291"}],"wp:term":[{"taxonomy":"product_cat","embeddable":true,"href":"https:\/\/dev.getraenke-center.ch\/index.php?rest_route=%2Fwp%2Fv2%2Fproduct_cat&post=1291"},{"taxonomy":"product_tag","embeddable":true,"href":"https:\/\/dev.getraenke-center.ch\/index.php?rest_route=%2Fwp%2Fv2%2Fproduct_tag&post=1291"}],"curies":[{"name":"wp","href":"https:\/\/api.w.org\/{rel}","templated":true}]}}