{"id":1292,"date":"2024-11-27T12:01:12","date_gmt":"2024-11-27T12:01:12","guid":{"rendered":"https:\/\/dev.getraenke-center.ch\/?post_type=product&#038;p=1292"},"modified":"2024-11-27T12:01:15","modified_gmt":"2024-11-27T12:01:15","slug":"rotwein-rosso-puglia-igp-luccarelli-6fl-x-075-liter","status":"publish","type":"product","link":"https:\/\/dev.getraenke-center.ch\/?product=rotwein-rosso-puglia-igp-luccarelli-6fl-x-075-liter","title":{"rendered":"Rotwein Rosso Puglia IGP Luccarelli 6fl x 0,75 Liter"},"content":{"rendered":"<p>Intensiv, leuchtendes Kirschrot mit funkelnden Violettreflexen. K\u00f6stliche Frucht nach schwarzen, vollreifen Kirschen, feiner erdiger Hauch nach Graphit und Unterholz, warme, rauchige R\u00f6stnote. Mittellanger Antrunk, ausgewogen in S\u00e4ure und Gerbstoff, feine Gaumenaromen, zarte Ausbaunoten im Abgang.<\/p>\n","protected":false},"excerpt":{"rendered":"<p>Preis pro Flasche<\/p>\n<p>Dieser elegante Rotwein aus Italien wird aus den Rebsorten Aglianico, Malvasia Nera und Sangiovese hergestellt.<\/p>\n","protected":false},"featured_media":1322,"template":"","meta":{"_kadence_starter_templates_imported_post":false,"_kad_post_transparent":"","_kad_post_title":"","_kad_post_layout":"","_kad_post_sidebar_id":"","_kad_post_content_style":"","_kad_post_vertical_padding":"","_kad_post_feature":"","_kad_post_feature_position":"","_kad_post_header":false,"_kad_post_footer":false},"product_cat":[65],"product_tag":[522,807,794,817,818,757,819,758,760],"class_list":{"0":"post-1292","1":"product","2":"type-product","3":"status-publish","4":"has-post-thumbnail","6":"product_cat-rotwein","7":"product_tag-weinliebhaber","8":"product_tag-igp","9":"product_tag-italienischer-wein","10":"product_tag-leidenschaft","11":"product_tag-luccarelli","12":"product_tag-premiumwein","13":"product_tag-rosso-puglia","14":"product_tag-rotwein","15":"product_tag-weinregion","17":"first","18":"instock","19":"taxable","20":"shipping-taxable","21":"purchasable","22":"product-type-simple","23":"entry","24":"content-bg","25":"loop-entry"},"jetpack_sharing_enabled":true,"_links":{"self":[{"href":"https:\/\/dev.getraenke-center.ch\/index.php?rest_route=\/wp\/v2\/product\/1292","targetHints":{"allow":["GET"]}}],"collection":[{"href":"https:\/\/dev.getraenke-center.ch\/index.php?rest_route=\/wp\/v2\/product"}],"about":[{"href":"https:\/\/dev.getraenke-center.ch\/index.php?rest_route=\/wp\/v2\/types\/product"}],"wp:featuredmedia":[{"embeddable":true,"href":"https:\/\/dev.getraenke-center.ch\/index.php?rest_route=\/wp\/v2\/media\/1322"}],"wp:attachment":[{"href":"https:\/\/dev.getraenke-center.ch\/index.php?rest_route=%2Fwp%2Fv2%2Fmedia&parent=1292"}],"wp:term":[{"taxonomy":"product_cat","embeddable":true,"href":"https:\/\/dev.getraenke-center.ch\/index.php?rest_route=%2Fwp%2Fv2%2Fproduct_cat&post=1292"},{"taxonomy":"product_tag","embeddable":true,"href":"https:\/\/dev.getraenke-center.ch\/index.php?rest_route=%2Fwp%2Fv2%2Fproduct_tag&post=1292"}],"curies":[{"name":"wp","href":"https:\/\/api.w.org\/{rel}","templated":true}]}}