{"id":1297,"date":"2024-11-27T12:01:12","date_gmt":"2024-11-27T12:01:12","guid":{"rendered":"https:\/\/dev.getraenke-center.ch\/?post_type=product&#038;p=1297"},"modified":"2024-11-27T12:01:16","modified_gmt":"2024-11-27T12:01:16","slug":"rotwein-negroamaro-salento-bio-masso-antico-6fl-x-075-liter","status":"publish","type":"product","link":"https:\/\/dev.getraenke-center.ch\/?product=rotwein-negroamaro-salento-bio-masso-antico-6fl-x-075-liter","title":{"rendered":"Rotwein Negroamaro Salento BIO Masso Antico 6fl x 0,75 Liter"},"content":{"rendered":"<p>Am Gaumen mit samtweichen Tanninen, mit Schokoladennoten und deutlicher Kirsche erreicht der\u00a0<b>Masso Antico Negroamaro Salento<\/b>\u00a0sein saftiges Finale mit noch mehr roter Frucht: Himbeere, Sauerkirsche und rote Johannisbeere kitzeln die Nase, mit wunderbar eingebundener S\u00e4ure auf der Zunge und einer erhabenen Rests\u00fc\u00dfe.<\/p>\n","protected":false},"excerpt":{"rendered":"<p>Preis pro Flasche<\/p>\n<p>Der\u00a0<em>Masso Antico Negroamaro BIO<\/em>\u00a0ist ein herrlich fruchtiger und ausgewogener Rotwein, samtig und mit intensivem Duft.<\/p>\n","protected":false},"featured_media":1327,"template":"","meta":{"_kadence_starter_templates_imported_post":false,"_kad_post_transparent":"","_kad_post_title":"","_kad_post_layout":"","_kad_post_sidebar_id":"","_kad_post_content_style":"","_kad_post_vertical_padding":"","_kad_post_feature":"","_kad_post_feature_position":"","_kad_post_header":false,"_kad_post_footer":false},"product_cat":[65],"product_tag":[522,829,830,794,825,831,757,758,760],"class_list":{"0":"post-1297","1":"product","2":"type-product","3":"status-publish","4":"has-post-thumbnail","6":"product_cat-rotwein","7":"product_tag-weinliebhaber","8":"product_tag-bio","9":"product_tag-biologisch","10":"product_tag-italienischer-wein","11":"product_tag-masso-antico","12":"product_tag-negroamaro-salento","13":"product_tag-premiumwein","14":"product_tag-rotwein","15":"product_tag-weinregion","17":"first","18":"instock","19":"taxable","20":"shipping-taxable","21":"purchasable","22":"product-type-simple","23":"entry","24":"content-bg","25":"loop-entry"},"jetpack_sharing_enabled":true,"_links":{"self":[{"href":"https:\/\/dev.getraenke-center.ch\/index.php?rest_route=\/wp\/v2\/product\/1297","targetHints":{"allow":["GET"]}}],"collection":[{"href":"https:\/\/dev.getraenke-center.ch\/index.php?rest_route=\/wp\/v2\/product"}],"about":[{"href":"https:\/\/dev.getraenke-center.ch\/index.php?rest_route=\/wp\/v2\/types\/product"}],"wp:featuredmedia":[{"embeddable":true,"href":"https:\/\/dev.getraenke-center.ch\/index.php?rest_route=\/wp\/v2\/media\/1327"}],"wp:attachment":[{"href":"https:\/\/dev.getraenke-center.ch\/index.php?rest_route=%2Fwp%2Fv2%2Fmedia&parent=1297"}],"wp:term":[{"taxonomy":"product_cat","embeddable":true,"href":"https:\/\/dev.getraenke-center.ch\/index.php?rest_route=%2Fwp%2Fv2%2Fproduct_cat&post=1297"},{"taxonomy":"product_tag","embeddable":true,"href":"https:\/\/dev.getraenke-center.ch\/index.php?rest_route=%2Fwp%2Fv2%2Fproduct_tag&post=1297"}],"curies":[{"name":"wp","href":"https:\/\/api.w.org\/{rel}","templated":true}]}}