{"id":1299,"date":"2024-11-27T12:01:12","date_gmt":"2024-11-27T12:01:12","guid":{"rendered":"https:\/\/dev.getraenke-center.ch\/?post_type=product&#038;p=1299"},"modified":"2024-11-27T12:01:17","modified_gmt":"2024-11-27T12:01:17","slug":"rotwein-salice-salentino-doc-molto-bene-12fl-x-050-liter","status":"publish","type":"product","link":"https:\/\/dev.getraenke-center.ch\/?product=rotwein-salice-salentino-doc-molto-bene-12fl-x-050-liter","title":{"rendered":"Rotwein Salice Salentino DOC Molto Bene 12fl x 0,50 Liter"},"content":{"rendered":"<p>Salice Salentino DOC ist eine\u00a0<b>Bezeichnung f\u00fcr verschiedene italienische Wei\u00df-, Ros\u00e9-, Rot- und Schaumweine aus den s\u00fcditalienischen Provinzen Lecce und Brindisi, Apulien<\/b>. Die Weine besitzen seit 1976 eine \u201ekontrollierte Herkunftsbezeichnung\u201c (Denominazione di origine controllata \u2013 DOC), die zuletzt am 7.<\/p>\n","protected":false},"excerpt":{"rendered":"<p>Preis pro Flasche<\/p>\n<p>Funkelnder granatroter Wein mit einem Bouquet von roten Johannisbeeren, Brombeeren und Vanille.<\/p>\n","protected":false},"featured_media":1329,"template":"","meta":{"_kadence_starter_templates_imported_post":false,"_kad_post_transparent":"","_kad_post_title":"","_kad_post_layout":"","_kad_post_sidebar_id":"","_kad_post_content_style":"","_kad_post_vertical_padding":"","_kad_post_feature":"","_kad_post_feature_position":"","_kad_post_header":false,"_kad_post_footer":false},"product_cat":[65],"product_tag":[596,522,794,757,758,834,760],"class_list":{"0":"post-1299","1":"product","2":"type-product","3":"status-publish","4":"has-post-thumbnail","6":"product_cat-rotwein","7":"product_tag-eleganz","8":"product_tag-weinliebhaber","9":"product_tag-italienischer-wein","10":"product_tag-premiumwein","11":"product_tag-rotwein","12":"product_tag-salice-salentino-doc-molto-bene","13":"product_tag-weinregion","15":"first","16":"instock","17":"taxable","18":"shipping-taxable","19":"purchasable","20":"product-type-simple","21":"entry","22":"content-bg","23":"loop-entry"},"jetpack_sharing_enabled":true,"_links":{"self":[{"href":"https:\/\/dev.getraenke-center.ch\/index.php?rest_route=\/wp\/v2\/product\/1299","targetHints":{"allow":["GET"]}}],"collection":[{"href":"https:\/\/dev.getraenke-center.ch\/index.php?rest_route=\/wp\/v2\/product"}],"about":[{"href":"https:\/\/dev.getraenke-center.ch\/index.php?rest_route=\/wp\/v2\/types\/product"}],"wp:featuredmedia":[{"embeddable":true,"href":"https:\/\/dev.getraenke-center.ch\/index.php?rest_route=\/wp\/v2\/media\/1329"}],"wp:attachment":[{"href":"https:\/\/dev.getraenke-center.ch\/index.php?rest_route=%2Fwp%2Fv2%2Fmedia&parent=1299"}],"wp:term":[{"taxonomy":"product_cat","embeddable":true,"href":"https:\/\/dev.getraenke-center.ch\/index.php?rest_route=%2Fwp%2Fv2%2Fproduct_cat&post=1299"},{"taxonomy":"product_tag","embeddable":true,"href":"https:\/\/dev.getraenke-center.ch\/index.php?rest_route=%2Fwp%2Fv2%2Fproduct_tag&post=1299"}],"curies":[{"name":"wp","href":"https:\/\/api.w.org\/{rel}","templated":true}]}}