{"id":1341,"date":"2024-11-27T12:01:18","date_gmt":"2024-11-27T12:01:18","guid":{"rendered":"https:\/\/dev.getraenke-center.ch\/?post_type=product&#038;p=1341"},"modified":"2024-11-27T12:01:20","modified_gmt":"2024-11-27T12:01:20","slug":"rotwein-chianti-classico-docg-bio-cafaggio-6fl-x-075-liter","status":"publish","type":"product","link":"https:\/\/dev.getraenke-center.ch\/?product=rotwein-chianti-classico-docg-bio-cafaggio-6fl-x-075-liter","title":{"rendered":"Rotwein Chianti Classico DOCG BIO Cafaggio 6fl x 0,75 Liter"},"content":{"rendered":"<p>Biologischer Chianti aus der Toskana.\u00a0<b>Sehr gehaltvoll, weich und angenehm anhaltend mit feinen Tanninen<\/b>. Passt zu Braten, Grilladen und K\u00e4se. Rubinrot, w\u00fcrzig-fruchtige Aromen von schwarzen Kirschen und reifen Fr\u00fcchten.<\/p>\n","protected":false},"excerpt":{"rendered":"<p>Preis pro Flasche<\/p>\n<p>Dichtes Rubinrot. Aromen von reifen, dunklen Beeren, Pflaumen, Zwetschgenkompott, s\u00fcssw\u00fcrzig.<\/p>\n","protected":false},"featured_media":1371,"template":"","meta":{"_kadence_starter_templates_imported_post":false,"_kad_post_transparent":"","_kad_post_title":"","_kad_post_layout":"","_kad_post_sidebar_id":"","_kad_post_content_style":"","_kad_post_vertical_padding":"","_kad_post_feature":"","_kad_post_feature_position":"","_kad_post_header":false,"_kad_post_footer":false},"product_cat":[65],"product_tag":[522,830,860,794,757,758,760],"class_list":{"0":"post-1341","1":"product","2":"type-product","3":"status-publish","4":"has-post-thumbnail","6":"product_cat-rotwein","7":"product_tag-weinliebhaber","8":"product_tag-biologisch","9":"product_tag-chianti-classico-docg-bio-cafaggio","10":"product_tag-italienischer-wein","11":"product_tag-premiumwein","12":"product_tag-rotwein","13":"product_tag-weinregion","15":"first","16":"instock","17":"taxable","18":"shipping-taxable","19":"purchasable","20":"product-type-simple","21":"entry","22":"content-bg","23":"loop-entry"},"jetpack_sharing_enabled":true,"_links":{"self":[{"href":"https:\/\/dev.getraenke-center.ch\/index.php?rest_route=\/wp\/v2\/product\/1341","targetHints":{"allow":["GET"]}}],"collection":[{"href":"https:\/\/dev.getraenke-center.ch\/index.php?rest_route=\/wp\/v2\/product"}],"about":[{"href":"https:\/\/dev.getraenke-center.ch\/index.php?rest_route=\/wp\/v2\/types\/product"}],"wp:featuredmedia":[{"embeddable":true,"href":"https:\/\/dev.getraenke-center.ch\/index.php?rest_route=\/wp\/v2\/media\/1371"}],"wp:attachment":[{"href":"https:\/\/dev.getraenke-center.ch\/index.php?rest_route=%2Fwp%2Fv2%2Fmedia&parent=1341"}],"wp:term":[{"taxonomy":"product_cat","embeddable":true,"href":"https:\/\/dev.getraenke-center.ch\/index.php?rest_route=%2Fwp%2Fv2%2Fproduct_cat&post=1341"},{"taxonomy":"product_tag","embeddable":true,"href":"https:\/\/dev.getraenke-center.ch\/index.php?rest_route=%2Fwp%2Fv2%2Fproduct_tag&post=1341"}],"curies":[{"name":"wp","href":"https:\/\/api.w.org\/{rel}","templated":true}]}}