{"id":1357,"date":"2024-11-27T12:01:19","date_gmt":"2024-11-27T12:01:19","guid":{"rendered":"https:\/\/dev.getraenke-center.ch\/?post_type=product&#038;p=1357"},"modified":"2025-01-01T15:33:39","modified_gmt":"2025-01-01T15:33:39","slug":"bier-feldschloesschen-braufrisch-buegel-mw-20-x-033-liter","status":"publish","type":"product","link":"https:\/\/dev.getraenke-center.ch\/?product=bier-feldschloesschen-braufrisch-buegel-mw-20-x-033-liter","title":{"rendered":"Bier Feldschl\u00f6sschen Braufrisch B\u00fcgel MW 20 x 0,33 Liter"},"content":{"rendered":"<p>Dieses naturtr\u00fcbe Bier wurde mit Leidenschaft im Schloss gebraut und besticht durch seinen einzigartig erfrischenden Geschmack.\u00a0<b>Tr\u00fcb goldene Farbe mit leicht r\u00f6tliche Reflexen.<\/b>\u00a0<b>Frische Hefe Aroma und der Geschmack mit leichter Hopfenbittere, Malz- und Caramelnoten<\/b>.<\/p>\n","protected":false},"excerpt":{"rendered":"<p>Preis pro Flasche<\/p>\n<p>Unfiltriertes und naturbelassenes Kellerbier mit leichter Hopfenbittere \u00b7 Mit angenehmem Noten nach Malz und Caramel<\/p>\n","protected":false},"featured_media":1386,"template":"","meta":{"_kadence_starter_templates_imported_post":false,"_kad_post_transparent":"default","_kad_post_title":"","_kad_post_layout":"default","_kad_post_sidebar_id":"","_kad_post_content_style":"default","_kad_post_vertical_padding":"default","_kad_post_feature":"","_kad_post_feature_position":"","_kad_post_header":false,"_kad_post_footer":false},"product_cat":[70,157],"product_tag":[41,882,884,890,891,886],"class_list":{"0":"post-1357","1":"product","2":"type-product","3":"status-publish","4":"has-post-thumbnail","6":"product_cat-bier","7":"product_cat-reduzierte-produkte","8":"product_tag-erfrischend","9":"product_tag-bierliebhaber","10":"product_tag-braukunst","11":"product_tag-buegelflasche","12":"product_tag-feldschloesschen-braufrisch-buegel-mw","13":"product_tag-schweizer-bier","15":"first","16":"instock","17":"taxable","18":"shipping-taxable","19":"purchasable","20":"product-type-simple","21":"entry","22":"content-bg","23":"loop-entry"},"jetpack_sharing_enabled":true,"_links":{"self":[{"href":"https:\/\/dev.getraenke-center.ch\/index.php?rest_route=\/wp\/v2\/product\/1357","targetHints":{"allow":["GET"]}}],"collection":[{"href":"https:\/\/dev.getraenke-center.ch\/index.php?rest_route=\/wp\/v2\/product"}],"about":[{"href":"https:\/\/dev.getraenke-center.ch\/index.php?rest_route=\/wp\/v2\/types\/product"}],"wp:featuredmedia":[{"embeddable":true,"href":"https:\/\/dev.getraenke-center.ch\/index.php?rest_route=\/wp\/v2\/media\/1386"}],"wp:attachment":[{"href":"https:\/\/dev.getraenke-center.ch\/index.php?rest_route=%2Fwp%2Fv2%2Fmedia&parent=1357"}],"wp:term":[{"taxonomy":"product_cat","embeddable":true,"href":"https:\/\/dev.getraenke-center.ch\/index.php?rest_route=%2Fwp%2Fv2%2Fproduct_cat&post=1357"},{"taxonomy":"product_tag","embeddable":true,"href":"https:\/\/dev.getraenke-center.ch\/index.php?rest_route=%2Fwp%2Fv2%2Fproduct_tag&post=1357"}],"curies":[{"name":"wp","href":"https:\/\/api.w.org\/{rel}","templated":true}]}}