{"id":140,"date":"2024-11-27T11:59:00","date_gmt":"2024-11-27T11:59:00","guid":{"rendered":"https:\/\/dev.getraenke-center.ch\/?post_type=product&#038;p=140"},"modified":"2024-11-27T11:59:01","modified_gmt":"2024-11-27T11:59:01","slug":"erfrischungsgetraenk-coca-cola-pet-24-x-0-50-liter","status":"publish","type":"product","link":"https:\/\/dev.getraenke-center.ch\/?product=erfrischungsgetraenk-coca-cola-pet-24-x-0-50-liter","title":{"rendered":"Erfrischungsgetr\u00e4nk Coca Cola, PET &#8211; 24 x 0.50 Liter"},"content":{"rendered":"<p>Koffeinhaltiges Erfrischungsgetr\u00e4nk.<\/p>\n<p>Wasser, Zucker, Kohlens\u00e4ure, Farbstoff E 150d, S\u00e4uerungsmittel E 338, nat\u00fcrliche Aromen inklusive Koffein.<\/p>\n","protected":false},"excerpt":{"rendered":"<h3>Preis pro Flasche<\/h3>\n<h3>N\u00e4hrwertdeklaration per<\/h3>\n<div class=\"tablesaw-bar mode-stack\"><\/div>\n<table id=\"table-6760\" class=\"tablesaw t-even-cols tablesaw-stack\" data-mode=\"stack\">\n<tbody>\n<tr class=\"odd\">\n<th><\/th>\n<th>100ml<\/th>\n<th>250ml<\/th>\n<th><\/th>\n<\/tr>\n<tr>\n<td class=\"valign-t\">Brennwert<\/td>\n<td class=\"valign-t\">180 kJ \/ 42 kcal<\/td>\n<td class=\"valign-t\">450 kJ \/ 105 kcal<\/td>\n<td class=\"valign-t\"><\/td>\n<\/tr>\n<tr class=\"odd\">\n<td class=\"valign-t\">Fett<\/td>\n<td class=\"valign-t\">0 g<\/td>\n<td class=\"valign-t\">0 g<\/td>\n<td class=\"valign-t\"><\/td>\n<\/tr>\n<tr>\n<td class=\"valign-t\">davon ges\u00e4ttigte Fetts\u00e4uren<\/td>\n<td class=\"valign-t\">0 g<\/td>\n<td class=\"valign-t\">0 g<\/td>\n<td class=\"valign-t\"><\/td>\n<\/tr>\n<tr class=\"odd\">\n<td class=\"valign-t\">Kohlenhydrate<\/td>\n<td class=\"valign-t\">10,6 g<\/td>\n<td class=\"valign-t\">27 g<\/td>\n<td class=\"valign-t\"><\/td>\n<\/tr>\n<tr>\n<td class=\"valign-t\">davon Zucker<\/td>\n<td class=\"valign-t\">10,6 g<\/td>\n<td class=\"valign-t\">27 g<\/td>\n<td class=\"valign-t\"><\/td>\n<\/tr>\n<tr class=\"odd\">\n<td class=\"valign-t\">Eiwei\u00df<\/td>\n<td class=\"valign-t\">0 g<\/td>\n<td class=\"valign-t\">0 g<\/td>\n<td class=\"valign-t\"><\/td>\n<\/tr>\n<tr>\n<td class=\"valign-t\">Salz<\/td>\n<td class=\"valign-t\">0 g<\/td>\n<td class=\"valign-t\">0 g<\/td>\n<td class=\"valign-t\"><\/td>\n<\/tr>\n<tr class=\"odd\">\n<td class=\"valign-t\" colspan=\"4\"><\/td>\n<\/tr>\n<\/tbody>\n<\/table>\n","protected":false},"featured_media":170,"template":"","meta":{"_kadence_starter_templates_imported_post":false,"_kad_post_transparent":"","_kad_post_title":"","_kad_post_layout":"","_kad_post_sidebar_id":"","_kad_post_content_style":"","_kad_post_vertical_padding":"","_kad_post_feature":"","_kad_post_feature_position":"","_kad_post_header":false,"_kad_post_footer":false},"product_cat":[75],"product_tag":[41,42,57,94,52],"class_list":{"0":"post-140","1":"product","2":"type-product","3":"status-publish","4":"has-post-thumbnail","6":"product_cat-getraenke-cola","7":"product_tag-erfrischend","8":"product_tag-genuss","9":"product_tag-prickelnd","10":"product_tag-coca-cola","11":"product_tag-getraenk","13":"first","14":"instock","15":"purchasable","16":"product-type-simple","17":"entry","18":"content-bg","19":"loop-entry"},"jetpack_sharing_enabled":true,"_links":{"self":[{"href":"https:\/\/dev.getraenke-center.ch\/index.php?rest_route=\/wp\/v2\/product\/140","targetHints":{"allow":["GET"]}}],"collection":[{"href":"https:\/\/dev.getraenke-center.ch\/index.php?rest_route=\/wp\/v2\/product"}],"about":[{"href":"https:\/\/dev.getraenke-center.ch\/index.php?rest_route=\/wp\/v2\/types\/product"}],"wp:featuredmedia":[{"embeddable":true,"href":"https:\/\/dev.getraenke-center.ch\/index.php?rest_route=\/wp\/v2\/media\/170"}],"wp:attachment":[{"href":"https:\/\/dev.getraenke-center.ch\/index.php?rest_route=%2Fwp%2Fv2%2Fmedia&parent=140"}],"wp:term":[{"taxonomy":"product_cat","embeddable":true,"href":"https:\/\/dev.getraenke-center.ch\/index.php?rest_route=%2Fwp%2Fv2%2Fproduct_cat&post=140"},{"taxonomy":"product_tag","embeddable":true,"href":"https:\/\/dev.getraenke-center.ch\/index.php?rest_route=%2Fwp%2Fv2%2Fproduct_tag&post=140"}],"curies":[{"name":"wp","href":"https:\/\/api.w.org\/{rel}","templated":true}]}}