{"id":1402,"date":"2024-11-27T12:01:24","date_gmt":"2024-11-27T12:01:24","guid":{"rendered":"https:\/\/dev.getraenke-center.ch\/?post_type=product&#038;p=1402"},"modified":"2024-11-27T12:01:26","modified_gmt":"2024-11-27T12:01:26","slug":"alkoholfrei-bier-feldschloesschen-weizenfrisch-4-pack-x-0-50-liter","status":"publish","type":"product","link":"https:\/\/dev.getraenke-center.ch\/?product=alkoholfrei-bier-feldschloesschen-weizenfrisch-4-pack-x-0-50-liter","title":{"rendered":"Alkoholfrei Bier Feldschl\u00f6sschen Weizenfrisch 4 Pack x 0.50 Liter"},"content":{"rendered":"<p><b>Feldschl\u00f6sschen<\/b>\u00a0Alkoholfrei\u00a0<b>Weizenfrisch<\/b>\u00a0ist ein tr\u00fcbes Bier ohne Alkohol, mit einem angenehmen K\u00f6rper. In der Nase zeigen sich fruchtig-w\u00fcrzige Noten nach Zitrone und Gew\u00fcrznelke. Im Antrunk ist eine leichte S\u00fcsse, gefolgt von einer dezenten S\u00e4ure, feststellbar.<\/p>\n","protected":false},"excerpt":{"rendered":"<p>Preis pro Flasche<\/p>\n<p>Das\u00a0<em>Feldschl\u00f6sschen<\/em>\u00a0Alkoholfrei\u00a0<em>Weizenfrisch<\/em>\u00a0ist das Ergebnis einer mit Leidenschaft perfektionierten Rezeptur<\/p>\n","protected":false},"featured_media":1432,"template":"","meta":{"_kadence_starter_templates_imported_post":false,"_kad_post_transparent":"","_kad_post_title":"","_kad_post_layout":"","_kad_post_sidebar_id":"","_kad_post_content_style":"","_kad_post_vertical_padding":"","_kad_post_feature":"","_kad_post_feature_position":"","_kad_post_header":false,"_kad_post_footer":false},"product_cat":[74],"product_tag":[243,41,882,919,886,910],"class_list":{"0":"post-1402","1":"product","2":"type-product","3":"status-publish","4":"has-post-thumbnail","6":"product_cat-alkoholfrei-bier","7":"product_tag-alkoholfrei","8":"product_tag-erfrischend","9":"product_tag-bierliebhaber","10":"product_tag-feldschloesschen-alkoholfrei-weizenfrisch","11":"product_tag-schweizer-bier","12":"product_tag-weizenbier","14":"first","15":"instock","16":"taxable","17":"shipping-taxable","18":"purchasable","19":"product-type-simple","20":"entry","21":"content-bg","22":"loop-entry"},"jetpack_sharing_enabled":true,"_links":{"self":[{"href":"https:\/\/dev.getraenke-center.ch\/index.php?rest_route=\/wp\/v2\/product\/1402","targetHints":{"allow":["GET"]}}],"collection":[{"href":"https:\/\/dev.getraenke-center.ch\/index.php?rest_route=\/wp\/v2\/product"}],"about":[{"href":"https:\/\/dev.getraenke-center.ch\/index.php?rest_route=\/wp\/v2\/types\/product"}],"wp:featuredmedia":[{"embeddable":true,"href":"https:\/\/dev.getraenke-center.ch\/index.php?rest_route=\/wp\/v2\/media\/1432"}],"wp:attachment":[{"href":"https:\/\/dev.getraenke-center.ch\/index.php?rest_route=%2Fwp%2Fv2%2Fmedia&parent=1402"}],"wp:term":[{"taxonomy":"product_cat","embeddable":true,"href":"https:\/\/dev.getraenke-center.ch\/index.php?rest_route=%2Fwp%2Fv2%2Fproduct_cat&post=1402"},{"taxonomy":"product_tag","embeddable":true,"href":"https:\/\/dev.getraenke-center.ch\/index.php?rest_route=%2Fwp%2Fv2%2Fproduct_tag&post=1402"}],"curies":[{"name":"wp","href":"https:\/\/api.w.org\/{rel}","templated":true}]}}