{"id":1419,"date":"2024-11-27T12:01:25","date_gmt":"2024-11-27T12:01:25","guid":{"rendered":"https:\/\/dev.getraenke-center.ch\/?post_type=product&#038;p=1419"},"modified":"2024-12-16T13:49:42","modified_gmt":"2024-12-16T13:49:42","slug":"alkoholfrei-bier-bilz-panache-ew-10-pack-0-33-liter","status":"publish","type":"product","link":"https:\/\/dev.getraenke-center.ch\/?product=alkoholfrei-bier-bilz-panache-ew-10-pack-0-33-liter","title":{"rendered":"Alkoholfrei Bier Bilz Panach\u00e9 EW 10 Pack 0.33 Liter"},"content":{"rendered":"<p>Das Bilz Panach\u00e9 ist ein\u00a0<b>erfrischendes alkoholfreies Biermischgetr\u00e4nk aus Zitronenlimonade und alkoholfreiem Bier<\/b>. Der Geschmack ist harmonisch abgestimmt in S\u00fcsse und S\u00e4ure und \u00fcberzeugt mit einem frischen Zitronenaroma, welches von feinen, leicht malzaromatischen Noten begleitet wird.<\/p>\n","protected":false},"excerpt":{"rendered":"<p>Preis pro Flasche<\/p>\n<p><em>Bilz Panach\u00e9<\/em>\u00a0ist ein Mischgetr\u00e4nk aus Limonade mit Zitronenaroma und alkoholfreiem Bier.<\/p>\n","protected":false},"featured_media":1449,"template":"","meta":{"_kadence_starter_templates_imported_post":false,"_kad_post_transparent":"","_kad_post_title":"","_kad_post_layout":"","_kad_post_sidebar_id":"","_kad_post_content_style":"","_kad_post_vertical_padding":"","_kad_post_feature":"","_kad_post_feature_position":"","_kad_post_header":false,"_kad_post_footer":false},"product_cat":[74],"product_tag":[243,41,323,944,945],"class_list":{"0":"post-1419","1":"product","2":"type-product","3":"status-publish","4":"has-post-thumbnail","6":"product_cat-alkoholfrei-bier","7":"product_tag-alkoholfrei","8":"product_tag-erfrischend","9":"product_tag-limonade","10":"product_tag-biergeschmack","11":"product_tag-bilz-panache-alkoholfrei","13":"first","14":"instock","15":"taxable","16":"shipping-taxable","17":"purchasable","18":"product-type-simple","19":"entry","20":"content-bg","21":"loop-entry"},"jetpack_sharing_enabled":true,"_links":{"self":[{"href":"https:\/\/dev.getraenke-center.ch\/index.php?rest_route=\/wp\/v2\/product\/1419","targetHints":{"allow":["GET"]}}],"collection":[{"href":"https:\/\/dev.getraenke-center.ch\/index.php?rest_route=\/wp\/v2\/product"}],"about":[{"href":"https:\/\/dev.getraenke-center.ch\/index.php?rest_route=\/wp\/v2\/types\/product"}],"wp:featuredmedia":[{"embeddable":true,"href":"https:\/\/dev.getraenke-center.ch\/index.php?rest_route=\/wp\/v2\/media\/1449"}],"wp:attachment":[{"href":"https:\/\/dev.getraenke-center.ch\/index.php?rest_route=%2Fwp%2Fv2%2Fmedia&parent=1419"}],"wp:term":[{"taxonomy":"product_cat","embeddable":true,"href":"https:\/\/dev.getraenke-center.ch\/index.php?rest_route=%2Fwp%2Fv2%2Fproduct_cat&post=1419"},{"taxonomy":"product_tag","embeddable":true,"href":"https:\/\/dev.getraenke-center.ch\/index.php?rest_route=%2Fwp%2Fv2%2Fproduct_tag&post=1419"}],"curies":[{"name":"wp","href":"https:\/\/api.w.org\/{rel}","templated":true}]}}