{"id":1453,"date":"2024-11-27T12:01:30","date_gmt":"2024-11-27T12:01:30","guid":{"rendered":"https:\/\/dev.getraenke-center.ch\/?post_type=product&#038;p=1453"},"modified":"2024-11-27T12:01:31","modified_gmt":"2024-11-27T12:01:31","slug":"bier-gurten-lager1-container-x-20-liter","status":"publish","type":"product","link":"https:\/\/dev.getraenke-center.ch\/?product=bier-gurten-lager1-container-x-20-liter","title":{"rendered":"Bier Gurten Lager1 Container x 20 Liter"},"content":{"rendered":"<p>Das\u00a0<b>Gurten B\u00e4re Gold<\/b>\u00a0ist ein kr\u00e4ftiges Spezialbier, mit einer deutlichen Hopfenblume. Seine Farbe ist von goldgelbem Glanz, gekr\u00f6nt mit einer majest\u00e4tisch erscheinenden Schaumkrone. Im Geschmack finden sich fruchtige pfirsich und leicht zitrusartige Nuancen. Die Bittere ist intensiv und dennoch harmonisch.<\/p>\n","protected":false},"excerpt":{"rendered":"<p>Produktinformation. Das herrlich Spezial-Bier mit seinem blumig- fruchtigen Hopfenaroma. Erfrischend, wie ein Berner sein soll.<\/p>\n","protected":false},"featured_media":1483,"template":"","meta":{"_kadence_starter_templates_imported_post":false,"_kad_post_transparent":"","_kad_post_title":"","_kad_post_layout":"","_kad_post_sidebar_id":"","_kad_post_content_style":"","_kad_post_vertical_padding":"","_kad_post_feature":"","_kad_post_feature_position":"","_kad_post_header":false,"_kad_post_footer":false},"product_cat":[70],"product_tag":[882,948,949,886,950],"class_list":{"0":"post-1453","1":"product","2":"type-product","3":"status-publish","4":"has-post-thumbnail","6":"product_cat-bier","7":"product_tag-bierliebhaber","8":"product_tag-goldgelb","9":"product_tag-gurten-baere-gold","10":"product_tag-schweizer-bier","11":"product_tag-voller-geschmack","13":"first","14":"instock","15":"taxable","16":"shipping-taxable","17":"purchasable","18":"product-type-simple","19":"entry","20":"content-bg","21":"loop-entry"},"jetpack_sharing_enabled":true,"_links":{"self":[{"href":"https:\/\/dev.getraenke-center.ch\/index.php?rest_route=\/wp\/v2\/product\/1453","targetHints":{"allow":["GET"]}}],"collection":[{"href":"https:\/\/dev.getraenke-center.ch\/index.php?rest_route=\/wp\/v2\/product"}],"about":[{"href":"https:\/\/dev.getraenke-center.ch\/index.php?rest_route=\/wp\/v2\/types\/product"}],"wp:featuredmedia":[{"embeddable":true,"href":"https:\/\/dev.getraenke-center.ch\/index.php?rest_route=\/wp\/v2\/media\/1483"}],"wp:attachment":[{"href":"https:\/\/dev.getraenke-center.ch\/index.php?rest_route=%2Fwp%2Fv2%2Fmedia&parent=1453"}],"wp:term":[{"taxonomy":"product_cat","embeddable":true,"href":"https:\/\/dev.getraenke-center.ch\/index.php?rest_route=%2Fwp%2Fv2%2Fproduct_cat&post=1453"},{"taxonomy":"product_tag","embeddable":true,"href":"https:\/\/dev.getraenke-center.ch\/index.php?rest_route=%2Fwp%2Fv2%2Fproduct_tag&post=1453"}],"curies":[{"name":"wp","href":"https:\/\/api.w.org\/{rel}","templated":true}]}}