{"id":1455,"date":"2024-11-27T12:01:30","date_gmt":"2024-11-27T12:01:30","guid":{"rendered":"https:\/\/dev.getraenke-center.ch\/?post_type=product&#038;p=1455"},"modified":"2024-11-27T12:01:31","modified_gmt":"2024-11-27T12:01:31","slug":"bier-valaisanne-lager-dose-6-pack-x-0-50-liter","status":"publish","type":"product","link":"https:\/\/dev.getraenke-center.ch\/?product=bier-valaisanne-lager-dose-6-pack-x-0-50-liter","title":{"rendered":"Bier Valaisanne Lager Dose 6 Pack x 0.50 Liter"},"content":{"rendered":"<p>Dank des traditionellen Brauverfahrens und der zus\u00e4tzlichen Gabe der klassischen Aromahopfen Spalter Select, Saazer und Bravo w\u00e4hrend der Lagerung entfaltet sich eine w\u00fcrzige und leicht fruchtige Hopfenblume. Die Aromen harmonieren perfekt mit dem milden Geschmack des Lagerbieres.<\/p>\n","protected":false},"excerpt":{"rendered":"<p>Preis pro Flasche<\/p>\n<p>Hellgelbe Farbe, harmonischer Geschmack mit zarter Bitterkeit.<\/p>\n","protected":false},"featured_media":1485,"template":"","meta":{"_kadence_starter_templates_imported_post":false,"_kad_post_transparent":"","_kad_post_title":"","_kad_post_layout":"","_kad_post_sidebar_id":"","_kad_post_content_style":"","_kad_post_vertical_padding":"","_kad_post_feature":"","_kad_post_feature_position":"","_kad_post_header":false,"_kad_post_footer":false},"product_cat":[70],"product_tag":[665,882,886,952,953],"class_list":{"0":"post-1455","1":"product","2":"type-product","3":"status-publish","4":"has-post-thumbnail","6":"product_cat-bier","7":"product_tag-authentisch","8":"product_tag-bierliebhaber","9":"product_tag-schweizer-bier","10":"product_tag-traditionell","11":"product_tag-valaisanne-lager","13":"first","14":"instock","15":"taxable","16":"shipping-taxable","17":"purchasable","18":"product-type-simple","19":"entry","20":"content-bg","21":"loop-entry"},"jetpack_sharing_enabled":true,"_links":{"self":[{"href":"https:\/\/dev.getraenke-center.ch\/index.php?rest_route=\/wp\/v2\/product\/1455","targetHints":{"allow":["GET"]}}],"collection":[{"href":"https:\/\/dev.getraenke-center.ch\/index.php?rest_route=\/wp\/v2\/product"}],"about":[{"href":"https:\/\/dev.getraenke-center.ch\/index.php?rest_route=\/wp\/v2\/types\/product"}],"wp:featuredmedia":[{"embeddable":true,"href":"https:\/\/dev.getraenke-center.ch\/index.php?rest_route=\/wp\/v2\/media\/1485"}],"wp:attachment":[{"href":"https:\/\/dev.getraenke-center.ch\/index.php?rest_route=%2Fwp%2Fv2%2Fmedia&parent=1455"}],"wp:term":[{"taxonomy":"product_cat","embeddable":true,"href":"https:\/\/dev.getraenke-center.ch\/index.php?rest_route=%2Fwp%2Fv2%2Fproduct_cat&post=1455"},{"taxonomy":"product_tag","embeddable":true,"href":"https:\/\/dev.getraenke-center.ch\/index.php?rest_route=%2Fwp%2Fv2%2Fproduct_tag&post=1455"}],"curies":[{"name":"wp","href":"https:\/\/api.w.org\/{rel}","templated":true}]}}