{"id":1470,"date":"2024-11-27T12:01:31","date_gmt":"2024-11-27T12:01:31","guid":{"rendered":"https:\/\/dev.getraenke-center.ch\/?post_type=product&#038;p=1470"},"modified":"2024-11-27T12:01:34","modified_gmt":"2024-11-27T12:01:34","slug":"bier-aare-bier-kellerfrisch-6-pack-x-0-33-liter","status":"publish","type":"product","link":"https:\/\/dev.getraenke-center.ch\/?product=bier-aare-bier-kellerfrisch-6-pack-x-0-33-liter","title":{"rendered":"Bier Aare-Bier Kellerfrisch 6 Pack x 0.33 Liter"},"content":{"rendered":"<p>&#8222;Tauchen Sie ein in die urspr\u00fcngliche Frische von Aare-Bier Kellerfrisch. Dieses Bier, direkt aus dem Keller, \u00fcberzeugt mit seiner naturtr\u00fcben Erscheinung und einem belebenden, leicht hopfigen Geschmack. Ideal f\u00fcr Bierliebhaber, die den authentischen Genuss eines frisch gebrauten Biers sch\u00e4tzen.&#8220;<\/p>\n","protected":false},"excerpt":{"rendered":"<p>Preis pro Flasche<\/p>\n<p>&#8222;Genie\u00dfen Sie die urspr\u00fcngliche Frische von Aare-Bier Kellerfrisch.&#8220;<\/p>\n","protected":false},"featured_media":1496,"template":"","meta":{"_kadence_starter_templates_imported_post":false,"_kad_post_transparent":"","_kad_post_title":"","_kad_post_layout":"","_kad_post_sidebar_id":"","_kad_post_content_style":"","_kad_post_vertical_padding":"","_kad_post_feature":"","_kad_post_feature_position":"","_kad_post_header":false,"_kad_post_footer":false},"product_cat":[70],"product_tag":[55,410,985,972,882,986,958,987,886,988],"class_list":{"0":"post-1470","1":"product","2":"type-product","3":"status-publish","4":"has-post-thumbnail","6":"product_cat-bier","7":"product_tag-belebend","8":"product_tag-naturtrueb","9":"product_tag-aare-bier-kellerfrisch","10":"product_tag-biergenuss","11":"product_tag-bierliebhaber","12":"product_tag-frisch-gebrueht","13":"product_tag-handwerkliches-bier","14":"product_tag-hopfiger-geschmack","15":"product_tag-schweizer-bier","16":"product_tag-urspruengliche-frische","18":"first","19":"instock","20":"taxable","21":"shipping-taxable","22":"purchasable","23":"product-type-simple","24":"entry","25":"content-bg","26":"loop-entry"},"jetpack_sharing_enabled":true,"_links":{"self":[{"href":"https:\/\/dev.getraenke-center.ch\/index.php?rest_route=\/wp\/v2\/product\/1470","targetHints":{"allow":["GET"]}}],"collection":[{"href":"https:\/\/dev.getraenke-center.ch\/index.php?rest_route=\/wp\/v2\/product"}],"about":[{"href":"https:\/\/dev.getraenke-center.ch\/index.php?rest_route=\/wp\/v2\/types\/product"}],"wp:featuredmedia":[{"embeddable":true,"href":"https:\/\/dev.getraenke-center.ch\/index.php?rest_route=\/wp\/v2\/media\/1496"}],"wp:attachment":[{"href":"https:\/\/dev.getraenke-center.ch\/index.php?rest_route=%2Fwp%2Fv2%2Fmedia&parent=1470"}],"wp:term":[{"taxonomy":"product_cat","embeddable":true,"href":"https:\/\/dev.getraenke-center.ch\/index.php?rest_route=%2Fwp%2Fv2%2Fproduct_cat&post=1470"},{"taxonomy":"product_tag","embeddable":true,"href":"https:\/\/dev.getraenke-center.ch\/index.php?rest_route=%2Fwp%2Fv2%2Fproduct_tag&post=1470"}],"curies":[{"name":"wp","href":"https:\/\/api.w.org\/{rel}","templated":true}]}}