{"id":1472,"date":"2024-11-27T12:01:31","date_gmt":"2024-11-27T12:01:31","guid":{"rendered":"https:\/\/dev.getraenke-center.ch\/?post_type=product&#038;p=1472"},"modified":"2024-11-27T12:01:35","modified_gmt":"2024-11-27T12:01:35","slug":"alkoholfrei-bier-aare-bier-4-pack-x-0-33-liter","status":"publish","type":"product","link":"https:\/\/dev.getraenke-center.ch\/?product=alkoholfrei-bier-aare-bier-4-pack-x-0-33-liter","title":{"rendered":"Alkoholfrei Bier Aare-Bier 4 Pack x 0.33 Liter"},"content":{"rendered":"<p>Tauchen Sie ein in den vollen Geschmack ohne Alkohol mit Aare-Bier alkoholfrei. Dieses alkoholfreie Bier bewahrt die authentischen Aromen und bietet eine erfrischende Alternative f\u00fcr bewusste Genie\u00dfer. Ideal f\u00fcr gesellige Momente und f\u00fcr alle, die bewusst auf Alkohol verzichten m\u00f6chten.<\/p>\n","protected":false},"excerpt":{"rendered":"<p>Preis pro Flasche<\/p>\n<p>Genie\u00dfen Sie den vollen Geschmack ohne Alkohol mit Aare-Bier alkoholfrei.<\/p>\n","protected":false},"featured_media":1503,"template":"","meta":{"_kadence_starter_templates_imported_post":false,"_kad_post_transparent":"","_kad_post_title":"","_kad_post_layout":"","_kad_post_sidebar_id":"","_kad_post_content_style":"","_kad_post_vertical_padding":"","_kad_post_feature":"","_kad_post_feature_position":"","_kad_post_header":false,"_kad_post_footer":false},"product_cat":[74],"product_tag":[243,41,992,970,134,882,925,886],"class_list":{"0":"post-1472","1":"product","2":"type-product","3":"status-publish","4":"has-post-thumbnail","6":"product_cat-alkoholfrei-bier","7":"product_tag-alkoholfrei","8":"product_tag-erfrischend","9":"product_tag-aare-bier-alkoholfrei","10":"product_tag-alternative-ohne-alkohol","11":"product_tag-bewusster-genuss","12":"product_tag-bierliebhaber","13":"product_tag-geselligkeit","14":"product_tag-schweizer-bier","16":"first","17":"instock","18":"taxable","19":"shipping-taxable","20":"purchasable","21":"product-type-simple","22":"entry","23":"content-bg","24":"loop-entry"},"jetpack_sharing_enabled":true,"_links":{"self":[{"href":"https:\/\/dev.getraenke-center.ch\/index.php?rest_route=\/wp\/v2\/product\/1472","targetHints":{"allow":["GET"]}}],"collection":[{"href":"https:\/\/dev.getraenke-center.ch\/index.php?rest_route=\/wp\/v2\/product"}],"about":[{"href":"https:\/\/dev.getraenke-center.ch\/index.php?rest_route=\/wp\/v2\/types\/product"}],"wp:featuredmedia":[{"embeddable":true,"href":"https:\/\/dev.getraenke-center.ch\/index.php?rest_route=\/wp\/v2\/media\/1503"}],"wp:attachment":[{"href":"https:\/\/dev.getraenke-center.ch\/index.php?rest_route=%2Fwp%2Fv2%2Fmedia&parent=1472"}],"wp:term":[{"taxonomy":"product_cat","embeddable":true,"href":"https:\/\/dev.getraenke-center.ch\/index.php?rest_route=%2Fwp%2Fv2%2Fproduct_cat&post=1472"},{"taxonomy":"product_tag","embeddable":true,"href":"https:\/\/dev.getraenke-center.ch\/index.php?rest_route=%2Fwp%2Fv2%2Fproduct_tag&post=1472"}],"curies":[{"name":"wp","href":"https:\/\/api.w.org\/{rel}","templated":true}]}}