{"id":1521,"date":"2024-11-27T12:01:37","date_gmt":"2024-11-27T12:01:37","guid":{"rendered":"https:\/\/dev.getraenke-center.ch\/?post_type=product&#038;p=1521"},"modified":"2024-11-27T12:01:39","modified_gmt":"2024-11-27T12:01:39","slug":"bier-appenzeller-quoellfrisch-hell-partydose-1-dose-5-liter","status":"publish","type":"product","link":"https:\/\/dev.getraenke-center.ch\/?product=bier-appenzeller-quoellfrisch-hell-partydose-1-dose-5-liter","title":{"rendered":"Bier Appenzeller Qu\u00f6llfrisch hell Partydose 1 Dose 5 Liter"},"content":{"rendered":"<p>Tauchen Sie ein in die erfrischende Welt von Appenzeller Qu\u00f6llfrisch hell mit der Partydose. Diese Biersorte pr\u00e4sentiert sich mit einer klaren Goldfarbe und einem spritzigen Geschmack. Die Partydose ist ideal f\u00fcr gesellige Anl\u00e4sse und bietet den perfekten Begleiter f\u00fcr eine fr\u00f6hliche Feier<\/p>\n","protected":false},"excerpt":{"rendered":"<p>Feiern Sie mit Appenzeller Qu\u00f6llfrisch hell &#8211; Die perfekte Partydose.<\/p>\n","protected":false},"featured_media":1551,"template":"","meta":{"_kadence_starter_templates_imported_post":false,"_kad_post_transparent":"","_kad_post_title":"","_kad_post_layout":"","_kad_post_sidebar_id":"","_kad_post_content_style":"","_kad_post_vertical_padding":"","_kad_post_feature":"","_kad_post_feature_position":"","_kad_post_header":false,"_kad_post_footer":false},"product_cat":[70],"product_tag":[41,582,1030,972,882,1031,1032,1022,886,1028],"class_list":{"0":"post-1521","1":"product","2":"type-product","3":"status-publish","4":"has-post-thumbnail","6":"product_cat-bier","7":"product_tag-erfrischend","8":"product_tag-tradition","9":"product_tag-appenzeller-quoellfrisch-hell-partydose","10":"product_tag-biergenuss","11":"product_tag-bierliebhaber","12":"product_tag-feier","13":"product_tag-gesellige-anlaesse","14":"product_tag-goldfarbe","15":"product_tag-schweizer-bier","16":"product_tag-spritziger-geschmack","18":"first","19":"instock","20":"taxable","21":"shipping-taxable","22":"purchasable","23":"product-type-simple","24":"entry","25":"content-bg","26":"loop-entry"},"jetpack_sharing_enabled":true,"_links":{"self":[{"href":"https:\/\/dev.getraenke-center.ch\/index.php?rest_route=\/wp\/v2\/product\/1521","targetHints":{"allow":["GET"]}}],"collection":[{"href":"https:\/\/dev.getraenke-center.ch\/index.php?rest_route=\/wp\/v2\/product"}],"about":[{"href":"https:\/\/dev.getraenke-center.ch\/index.php?rest_route=\/wp\/v2\/types\/product"}],"wp:featuredmedia":[{"embeddable":true,"href":"https:\/\/dev.getraenke-center.ch\/index.php?rest_route=\/wp\/v2\/media\/1551"}],"wp:attachment":[{"href":"https:\/\/dev.getraenke-center.ch\/index.php?rest_route=%2Fwp%2Fv2%2Fmedia&parent=1521"}],"wp:term":[{"taxonomy":"product_cat","embeddable":true,"href":"https:\/\/dev.getraenke-center.ch\/index.php?rest_route=%2Fwp%2Fv2%2Fproduct_cat&post=1521"},{"taxonomy":"product_tag","embeddable":true,"href":"https:\/\/dev.getraenke-center.ch\/index.php?rest_route=%2Fwp%2Fv2%2Fproduct_tag&post=1521"}],"curies":[{"name":"wp","href":"https:\/\/api.w.org\/{rel}","templated":true}]}}