{"id":158,"date":"2024-11-27T11:59:00","date_gmt":"2024-11-27T11:59:00","guid":{"rendered":"https:\/\/dev.getraenke-center.ch\/?post_type=product&#038;p=158"},"modified":"2024-11-27T11:59:03","modified_gmt":"2024-11-27T11:59:03","slug":"mineralwasser-elmer-ohne-co2-glas-12-x-1-liter","status":"publish","type":"product","link":"https:\/\/dev.getraenke-center.ch\/?product=mineralwasser-elmer-ohne-co2-glas-12-x-1-liter","title":{"rendered":"Mineralwasser Elmer, ohne CO2, Glas &#8211; 12 x 1 Liter"},"content":{"rendered":"<p>Direkt aus dem Fels \u2013 ELMER Mineral stammt aus der alpinen Mineralquelle St. Martin in Elm auf 1\u2019200 Meter \u00fcber Meer. Geeignet f\u00fcr eine natriumarme Ern\u00e4hrung.<\/p>\n","protected":false},"excerpt":{"rendered":"<p>Preis pro Flasche<\/p>\n<p>Frisches Quellwasser aus der alpinen Mineralquelle St. Martin in Elm<\/p>\n","protected":false},"featured_media":186,"template":"","meta":{"_kadence_starter_templates_imported_post":false,"_kad_post_transparent":"","_kad_post_title":"","_kad_post_layout":"","_kad_post_sidebar_id":"","_kad_post_content_style":"","_kad_post_vertical_padding":"","_kad_post_feature":"","_kad_post_feature_position":"","_kad_post_header":false,"_kad_post_footer":false},"product_cat":[40],"product_tag":[41,42,43,98,46],"class_list":{"0":"post-158","1":"product","2":"type-product","3":"status-publish","4":"has-post-thumbnail","6":"product_cat-mineralwasser","7":"product_tag-erfrischend","8":"product_tag-genuss","9":"product_tag-mild","10":"product_tag-elmer","11":"product_tag-ohne-co2","13":"first","14":"instock","15":"purchasable","16":"product-type-simple","17":"entry","18":"content-bg","19":"loop-entry"},"jetpack_sharing_enabled":true,"_links":{"self":[{"href":"https:\/\/dev.getraenke-center.ch\/index.php?rest_route=\/wp\/v2\/product\/158","targetHints":{"allow":["GET"]}}],"collection":[{"href":"https:\/\/dev.getraenke-center.ch\/index.php?rest_route=\/wp\/v2\/product"}],"about":[{"href":"https:\/\/dev.getraenke-center.ch\/index.php?rest_route=\/wp\/v2\/types\/product"}],"wp:featuredmedia":[{"embeddable":true,"href":"https:\/\/dev.getraenke-center.ch\/index.php?rest_route=\/wp\/v2\/media\/186"}],"wp:attachment":[{"href":"https:\/\/dev.getraenke-center.ch\/index.php?rest_route=%2Fwp%2Fv2%2Fmedia&parent=158"}],"wp:term":[{"taxonomy":"product_cat","embeddable":true,"href":"https:\/\/dev.getraenke-center.ch\/index.php?rest_route=%2Fwp%2Fv2%2Fproduct_cat&post=158"},{"taxonomy":"product_tag","embeddable":true,"href":"https:\/\/dev.getraenke-center.ch\/index.php?rest_route=%2Fwp%2Fv2%2Fproduct_tag&post=158"}],"curies":[{"name":"wp","href":"https:\/\/api.w.org\/{rel}","templated":true}]}}