{"id":1599,"date":"2024-11-27T12:01:44","date_gmt":"2024-11-27T12:01:44","guid":{"rendered":"https:\/\/dev.getraenke-center.ch\/?post_type=product&#038;p=1599"},"modified":"2024-11-27T12:01:48","modified_gmt":"2024-11-27T12:01:48","slug":"bier-rugenbraeu-lager-ew-10-pack-x-0-33-liter","status":"publish","type":"product","link":"https:\/\/dev.getraenke-center.ch\/?product=bier-rugenbraeu-lager-ew-10-pack-x-0-33-liter","title":{"rendered":"Bier Rugenbr\u00e4u Lager EW 10 Pack x 0.33 Liter"},"content":{"rendered":"<p>Die Flasche Rugenbr\u00e4u Lager l\u00e4dt dazu ein, die traditionelle Braukunst dieses Biers zu entdecken. Mit seiner klaren Brauart und dem ausgewogenen Geschmack \u00fcberzeugt dieses Bier Kenner und Genie\u00dfer gleicherma\u00dfen. Tauche ein in die Welt der Aromen und erlebe die Biertradition von Rugenbr\u00e4u Lager.<\/p>\n","protected":false},"excerpt":{"rendered":"<p>Preis pro Flasche<\/p>\n<p>Entdecke das traditionelle Rugenbr\u00e4u Lager in der Flasche. Ein Bier, das mit seiner klaren Brauart und dem ausgewogenen Geschmack \u00fcberzeugt.<\/p>\n","protected":false},"featured_media":1628,"template":"","meta":{"_kadence_starter_templates_imported_post":false,"_kad_post_transparent":"","_kad_post_title":"","_kad_post_layout":"","_kad_post_sidebar_id":"","_kad_post_content_style":"","_kad_post_vertical_padding":"","_kad_post_feature":"","_kad_post_feature_position":"","_kad_post_header":false,"_kad_post_footer":false},"product_cat":[70],"product_tag":[1072],"class_list":{"0":"post-1599","1":"product","2":"type-product","3":"status-publish","4":"has-post-thumbnail","6":"product_cat-bier","7":"product_tag-bier-rugenbraeulager-biergenuss-craftbeer-traditionellebraukunst-ausgewogenergeschmack","9":"first","10":"instock","11":"taxable","12":"shipping-taxable","13":"purchasable","14":"product-type-simple","15":"entry","16":"content-bg","17":"loop-entry"},"jetpack_sharing_enabled":true,"_links":{"self":[{"href":"https:\/\/dev.getraenke-center.ch\/index.php?rest_route=\/wp\/v2\/product\/1599","targetHints":{"allow":["GET"]}}],"collection":[{"href":"https:\/\/dev.getraenke-center.ch\/index.php?rest_route=\/wp\/v2\/product"}],"about":[{"href":"https:\/\/dev.getraenke-center.ch\/index.php?rest_route=\/wp\/v2\/types\/product"}],"wp:featuredmedia":[{"embeddable":true,"href":"https:\/\/dev.getraenke-center.ch\/index.php?rest_route=\/wp\/v2\/media\/1628"}],"wp:attachment":[{"href":"https:\/\/dev.getraenke-center.ch\/index.php?rest_route=%2Fwp%2Fv2%2Fmedia&parent=1599"}],"wp:term":[{"taxonomy":"product_cat","embeddable":true,"href":"https:\/\/dev.getraenke-center.ch\/index.php?rest_route=%2Fwp%2Fv2%2Fproduct_cat&post=1599"},{"taxonomy":"product_tag","embeddable":true,"href":"https:\/\/dev.getraenke-center.ch\/index.php?rest_route=%2Fwp%2Fv2%2Fproduct_tag&post=1599"}],"curies":[{"name":"wp","href":"https:\/\/api.w.org\/{rel}","templated":true}]}}