{"id":160,"date":"2024-11-27T11:59:00","date_gmt":"2024-11-27T11:59:00","guid":{"rendered":"https:\/\/dev.getraenke-center.ch\/?post_type=product&#038;p=160"},"modified":"2024-11-27T11:59:03","modified_gmt":"2024-11-27T11:59:03","slug":"mineralwasser-eptinger-ohne-kohlensaeure-pet-6-x-1-5-liter","status":"publish","type":"product","link":"https:\/\/dev.getraenke-center.ch\/?product=mineralwasser-eptinger-ohne-kohlensaeure-pet-6-x-1-5-liter","title":{"rendered":"Mineralwasser Eptinger, ohne Kohlens\u00e4ure, PET &#8211; 6 x 1.5 Liter"},"content":{"rendered":"<p>Eptinger ist dank dem hohen nat\u00fcrlichen Anteil an Magnesium und Calcium das Wasser f\u00fcr Aktive und Sportler! Eptinger Mineralwasser unterst\u00fctzt Ihren K\u00f6rper mit wertvollen Mineralien und l\u00f6scht zugleich Ihren Durst \u2013 die nat\u00fcrlichste Erfrischung auf Erden.<\/p>\n<p>Das gehaltvolle Eptinger Mineralwasser wird in den waldreichen Anh\u00f6hen des Birchgebiets in der Baselbieter Gemeinde Eptinger gefasst. Durch eine Tiefbohrung von 417 m ist es frei von jeglichen Umwelteinfl\u00fcsse und entstammt den Sulfat-f\u00fchrenden Schichten des Faltenjuras. Aufgrund seines Mineralgehaltes geh\u00f6rt es zu den Calcium-Magnesium-Sulfat Hydrogencarbonat-W\u00e4ssern. Das nat\u00fcrliche, ausgewogene Mineralwasser ist nitratfrei. Es eignet sich f\u00fcr die natriumarme Ern\u00e4hrung.<\/p>\n","protected":false},"excerpt":{"rendered":"<p>Preis pro Flasche<\/p>\n<p>EPTINGER \u2013 Der beste Freund Ihrer Gesundheit.<\/p>\n","protected":false},"featured_media":188,"template":"","meta":{"_kadence_starter_templates_imported_post":false,"_kad_post_transparent":"","_kad_post_title":"","_kad_post_layout":"","_kad_post_sidebar_id":"","_kad_post_content_style":"","_kad_post_vertical_padding":"","_kad_post_feature":"","_kad_post_feature_position":"","_kad_post_header":false,"_kad_post_footer":false},"product_cat":[40],"product_tag":[55,41,42,50,51,100],"class_list":{"0":"post-160","1":"product","2":"type-product","3":"status-publish","4":"has-post-thumbnail","6":"product_cat-mineralwasser","7":"product_tag-belebend","8":"product_tag-erfrischend","9":"product_tag-genuss","10":"product_tag-mineralwasser","11":"product_tag-blau","12":"product_tag-eptinger","14":"first","15":"instock","16":"purchasable","17":"product-type-simple","18":"entry","19":"content-bg","20":"loop-entry"},"jetpack_sharing_enabled":true,"_links":{"self":[{"href":"https:\/\/dev.getraenke-center.ch\/index.php?rest_route=\/wp\/v2\/product\/160","targetHints":{"allow":["GET"]}}],"collection":[{"href":"https:\/\/dev.getraenke-center.ch\/index.php?rest_route=\/wp\/v2\/product"}],"about":[{"href":"https:\/\/dev.getraenke-center.ch\/index.php?rest_route=\/wp\/v2\/types\/product"}],"wp:featuredmedia":[{"embeddable":true,"href":"https:\/\/dev.getraenke-center.ch\/index.php?rest_route=\/wp\/v2\/media\/188"}],"wp:attachment":[{"href":"https:\/\/dev.getraenke-center.ch\/index.php?rest_route=%2Fwp%2Fv2%2Fmedia&parent=160"}],"wp:term":[{"taxonomy":"product_cat","embeddable":true,"href":"https:\/\/dev.getraenke-center.ch\/index.php?rest_route=%2Fwp%2Fv2%2Fproduct_cat&post=160"},{"taxonomy":"product_tag","embeddable":true,"href":"https:\/\/dev.getraenke-center.ch\/index.php?rest_route=%2Fwp%2Fv2%2Fproduct_tag&post=160"}],"curies":[{"name":"wp","href":"https:\/\/api.w.org\/{rel}","templated":true}]}}