{"id":162,"date":"2024-11-27T11:59:00","date_gmt":"2024-11-27T11:59:00","guid":{"rendered":"https:\/\/dev.getraenke-center.ch\/?post_type=product&#038;p=162"},"modified":"2024-11-27T11:59:04","modified_gmt":"2024-11-27T11:59:04","slug":"mineralwasser-eptinger-wenig-kohlensaeure-pet-6-x-1-5-liter","status":"publish","type":"product","link":"https:\/\/dev.getraenke-center.ch\/?product=mineralwasser-eptinger-wenig-kohlensaeure-pet-6-x-1-5-liter","title":{"rendered":"Mineralwasser Eptinger, wenig Kohlens\u00e4ure, PET &#8211; 6 x 1.5 Liter"},"content":{"rendered":"<p>Das leicht kohlens\u00e4urehaltige Mineralwasser ist ideal f\u00fcr alle, die es gerne feinperlig und belebend m\u00f6gen. Eptinger eignet sich f\u00fcr eine natriumarme Ern\u00e4hrung und ist frei von jeglichen Schadstoffen, wie Uran oder Nitrat und ist zugleich das Schweizer Mineralwasser mit den meisten Mineralien.<\/p>\n","protected":false},"excerpt":{"rendered":"<p>Preis pro Flasche<\/p>\n<p>EPTINGER \u2013 Der beste Freund Ihrer Gesundheit.<\/p>\n<p>&nbsp;<\/p>\n","protected":false},"featured_media":190,"template":"","meta":{"_kadence_starter_templates_imported_post":false,"_kad_post_transparent":"","_kad_post_title":"","_kad_post_layout":"","_kad_post_sidebar_id":"","_kad_post_content_style":"","_kad_post_vertical_padding":"","_kad_post_feature":"","_kad_post_feature_position":"","_kad_post_header":false,"_kad_post_footer":false},"product_cat":[40],"product_tag":[41,42,43,100,47,48],"class_list":{"0":"post-162","1":"product","2":"type-product","3":"status-publish","4":"has-post-thumbnail","6":"product_cat-mineralwasser","7":"product_tag-erfrischend","8":"product_tag-genuss","9":"product_tag-mild","10":"product_tag-eptinger","11":"product_tag-wasser","12":"product_tag-wenig-kohlensaeure","14":"first","15":"instock","16":"purchasable","17":"product-type-simple","18":"entry","19":"content-bg","20":"loop-entry"},"jetpack_sharing_enabled":true,"_links":{"self":[{"href":"https:\/\/dev.getraenke-center.ch\/index.php?rest_route=\/wp\/v2\/product\/162","targetHints":{"allow":["GET"]}}],"collection":[{"href":"https:\/\/dev.getraenke-center.ch\/index.php?rest_route=\/wp\/v2\/product"}],"about":[{"href":"https:\/\/dev.getraenke-center.ch\/index.php?rest_route=\/wp\/v2\/types\/product"}],"wp:featuredmedia":[{"embeddable":true,"href":"https:\/\/dev.getraenke-center.ch\/index.php?rest_route=\/wp\/v2\/media\/190"}],"wp:attachment":[{"href":"https:\/\/dev.getraenke-center.ch\/index.php?rest_route=%2Fwp%2Fv2%2Fmedia&parent=162"}],"wp:term":[{"taxonomy":"product_cat","embeddable":true,"href":"https:\/\/dev.getraenke-center.ch\/index.php?rest_route=%2Fwp%2Fv2%2Fproduct_cat&post=162"},{"taxonomy":"product_tag","embeddable":true,"href":"https:\/\/dev.getraenke-center.ch\/index.php?rest_route=%2Fwp%2Fv2%2Fproduct_tag&post=162"}],"curies":[{"name":"wp","href":"https:\/\/api.w.org\/{rel}","templated":true}]}}