{"id":1639,"date":"2024-11-27T12:01:49","date_gmt":"2024-11-27T12:01:49","guid":{"rendered":"https:\/\/dev.getraenke-center.ch\/?post_type=product&#038;p=1639"},"modified":"2024-11-27T12:01:51","modified_gmt":"2024-11-27T12:01:51","slug":"bier-thunbier-helles-ew-24-pack-x-0-33-liter","status":"publish","type":"product","link":"https:\/\/dev.getraenke-center.ch\/?product=bier-thunbier-helles-ew-24-pack-x-0-33-liter","title":{"rendered":"Bier Thunbier Helles EW 24 Pack x 0.33 Liter"},"content":{"rendered":"<p>Die Flasche Thunbier Helles l\u00e4dt dazu ein, die Leichtigkeit dieses Biers zu entdecken. Mit seiner klaren Frische und dem milden Geschmack \u00fcberzeugt dieses Bier Kenner und Genie\u00dfer gleicherma\u00dfen. Tauche ein in die Welt der Aromen und erlebe die leichte Erfrischung von Thunbier Helles.<\/p>\n","protected":false},"excerpt":{"rendered":"<p>Preis pro Flasche<\/p>\n<p>Entdecke die Leichtigkeit von Thunbier Helles in der Flasche. Ein Bier, das mit seiner klaren Frische und dem milden Geschmack \u00fcberzeugt.<\/p>\n","protected":false},"featured_media":1669,"template":"","meta":{"_kadence_starter_templates_imported_post":false,"_kad_post_transparent":"","_kad_post_title":"","_kad_post_layout":"","_kad_post_sidebar_id":"","_kad_post_content_style":"","_kad_post_vertical_padding":"","_kad_post_feature":"","_kad_post_feature_position":"","_kad_post_header":false,"_kad_post_footer":false},"product_cat":[70],"product_tag":[1081],"class_list":{"0":"post-1639","1":"product","2":"type-product","3":"status-publish","4":"has-post-thumbnail","6":"product_cat-bier","7":"product_tag-bier-thunbierhelles-biergenuss-craftbeer-leichteerfrischung-mildergeschmack","9":"first","10":"instock","11":"taxable","12":"shipping-taxable","13":"purchasable","14":"product-type-simple","15":"entry","16":"content-bg","17":"loop-entry"},"jetpack_sharing_enabled":true,"_links":{"self":[{"href":"https:\/\/dev.getraenke-center.ch\/index.php?rest_route=\/wp\/v2\/product\/1639","targetHints":{"allow":["GET"]}}],"collection":[{"href":"https:\/\/dev.getraenke-center.ch\/index.php?rest_route=\/wp\/v2\/product"}],"about":[{"href":"https:\/\/dev.getraenke-center.ch\/index.php?rest_route=\/wp\/v2\/types\/product"}],"wp:featuredmedia":[{"embeddable":true,"href":"https:\/\/dev.getraenke-center.ch\/index.php?rest_route=\/wp\/v2\/media\/1669"}],"wp:attachment":[{"href":"https:\/\/dev.getraenke-center.ch\/index.php?rest_route=%2Fwp%2Fv2%2Fmedia&parent=1639"}],"wp:term":[{"taxonomy":"product_cat","embeddable":true,"href":"https:\/\/dev.getraenke-center.ch\/index.php?rest_route=%2Fwp%2Fv2%2Fproduct_cat&post=1639"},{"taxonomy":"product_tag","embeddable":true,"href":"https:\/\/dev.getraenke-center.ch\/index.php?rest_route=%2Fwp%2Fv2%2Fproduct_tag&post=1639"}],"curies":[{"name":"wp","href":"https:\/\/api.w.org\/{rel}","templated":true}]}}