{"id":165,"date":"2024-11-27T11:59:00","date_gmt":"2024-11-27T11:59:00","guid":{"rendered":"https:\/\/dev.getraenke-center.ch\/?post_type=product&#038;p=165"},"modified":"2024-11-27T11:59:04","modified_gmt":"2024-11-27T11:59:04","slug":"mineralwasser-evian-ohne-kohlensaeure-pet-6-x-1-5-liter","status":"publish","type":"product","link":"https:\/\/dev.getraenke-center.ch\/?product=mineralwasser-evian-ohne-kohlensaeure-pet-6-x-1-5-liter","title":{"rendered":"Mineralwasser Evian, ohne Kohlens\u00e4ure, PET &#8211; 6 x 1.5 Liter"},"content":{"rendered":"<p>Wasser ist die Grundlage allen Lebens. Das nat\u00fcrliche evian Mineralwasser kommt so zu dir, wie die Natur es schuf: ohne geschmackliche Zus\u00e4tze, unbehandeltes, nat\u00fcrliches Wasser mit einer einzigartigen Mineralisierung. Alle Produkte enthalten das nat\u00fcrliche Mineralwasser aus den franz\u00f6sischen Alpen und bringen es direkt zu dir nach Hause. So kommst du jederzeit und \u00fcberall in den Genuss seines unverwechselbar einmaligen Geschmacks<\/p>\n","protected":false},"excerpt":{"rendered":"<p>Preis pro Flasche<\/p>\n<p>Nat\u00fcrliches Mineralwasser ohne Kohlens\u00e4ure<\/p>\n","protected":false},"featured_media":193,"template":"","meta":{"_kadence_starter_templates_imported_post":false,"_kad_post_transparent":"","_kad_post_title":"","_kad_post_layout":"","_kad_post_sidebar_id":"","_kad_post_content_style":"","_kad_post_vertical_padding":"","_kad_post_feature":"","_kad_post_feature_position":"","_kad_post_header":false,"_kad_post_footer":false},"product_cat":[40],"product_tag":[41,42,101,102,47],"class_list":{"0":"post-165","1":"product","2":"type-product","3":"status-publish","4":"has-post-thumbnail","6":"product_cat-mineralwasser","7":"product_tag-erfrischend","8":"product_tag-genuss","9":"product_tag-evian","10":"product_tag-rein","11":"product_tag-wasser","13":"first","14":"instock","15":"purchasable","16":"product-type-simple","17":"entry","18":"content-bg","19":"loop-entry"},"jetpack_sharing_enabled":true,"_links":{"self":[{"href":"https:\/\/dev.getraenke-center.ch\/index.php?rest_route=\/wp\/v2\/product\/165","targetHints":{"allow":["GET"]}}],"collection":[{"href":"https:\/\/dev.getraenke-center.ch\/index.php?rest_route=\/wp\/v2\/product"}],"about":[{"href":"https:\/\/dev.getraenke-center.ch\/index.php?rest_route=\/wp\/v2\/types\/product"}],"wp:featuredmedia":[{"embeddable":true,"href":"https:\/\/dev.getraenke-center.ch\/index.php?rest_route=\/wp\/v2\/media\/193"}],"wp:attachment":[{"href":"https:\/\/dev.getraenke-center.ch\/index.php?rest_route=%2Fwp%2Fv2%2Fmedia&parent=165"}],"wp:term":[{"taxonomy":"product_cat","embeddable":true,"href":"https:\/\/dev.getraenke-center.ch\/index.php?rest_route=%2Fwp%2Fv2%2Fproduct_cat&post=165"},{"taxonomy":"product_tag","embeddable":true,"href":"https:\/\/dev.getraenke-center.ch\/index.php?rest_route=%2Fwp%2Fv2%2Fproduct_tag&post=165"}],"curies":[{"name":"wp","href":"https:\/\/api.w.org\/{rel}","templated":true}]}}