{"id":1695,"date":"2024-11-27T12:01:55","date_gmt":"2024-11-27T12:01:55","guid":{"rendered":"https:\/\/dev.getraenke-center.ch\/?post_type=product&#038;p=1695"},"modified":"2024-11-27T12:01:57","modified_gmt":"2024-11-27T12:01:57","slug":"bier-carlsberg-dose-6-pack-x-0-50-liter","status":"publish","type":"product","link":"https:\/\/dev.getraenke-center.ch\/?product=bier-carlsberg-dose-6-pack-x-0-50-liter","title":{"rendered":"Bier Carlsberg Dose 6 Pack x 0.50 Liter"},"content":{"rendered":"<p>Carlsberg Bier ist weltweit f\u00fcr seinen einzigartigen Geschmack und hohe Qualit\u00e4t bekannt. Das Braumeister verwenden sorgf\u00e4ltig ausgew\u00e4hlte Zutaten, um ein Bier zu kreieren, das jeden Moment unvergesslich macht.<\/p>\n","protected":false},"excerpt":{"rendered":"<p>Preis pro Flasche<\/p>\n<p>Genie\u00dfen Sie den erfrischenden Geschmack von Carlsberg Bier<\/p>\n","protected":false},"featured_media":1725,"template":"","meta":{"_kadence_starter_templates_imported_post":false,"_kad_post_transparent":"","_kad_post_title":"","_kad_post_layout":"","_kad_post_sidebar_id":"","_kad_post_content_style":"","_kad_post_vertical_padding":"","_kad_post_feature":"","_kad_post_feature_position":"","_kad_post_header":false,"_kad_post_footer":false},"product_cat":[70],"product_tag":[49,42,320,1104,884,1105,1106,1107,52,974],"class_list":{"0":"post-1695","1":"product","2":"type-product","3":"status-publish","4":"has-post-thumbnail","6":"product_cat-bier","7":"product_tag-erfrischung","8":"product_tag-genuss","9":"product_tag-qualitaet","10":"product_tag-bier","11":"product_tag-braukunst","12":"product_tag-carlsberg","13":"product_tag-daenisches-bier","14":"product_tag-gerste","15":"product_tag-getraenk","16":"product_tag-hopfen","18":"first","19":"instock","20":"taxable","21":"shipping-taxable","22":"purchasable","23":"product-type-simple","24":"entry","25":"content-bg","26":"loop-entry"},"jetpack_sharing_enabled":true,"_links":{"self":[{"href":"https:\/\/dev.getraenke-center.ch\/index.php?rest_route=\/wp\/v2\/product\/1695","targetHints":{"allow":["GET"]}}],"collection":[{"href":"https:\/\/dev.getraenke-center.ch\/index.php?rest_route=\/wp\/v2\/product"}],"about":[{"href":"https:\/\/dev.getraenke-center.ch\/index.php?rest_route=\/wp\/v2\/types\/product"}],"wp:featuredmedia":[{"embeddable":true,"href":"https:\/\/dev.getraenke-center.ch\/index.php?rest_route=\/wp\/v2\/media\/1725"}],"wp:attachment":[{"href":"https:\/\/dev.getraenke-center.ch\/index.php?rest_route=%2Fwp%2Fv2%2Fmedia&parent=1695"}],"wp:term":[{"taxonomy":"product_cat","embeddable":true,"href":"https:\/\/dev.getraenke-center.ch\/index.php?rest_route=%2Fwp%2Fv2%2Fproduct_cat&post=1695"},{"taxonomy":"product_tag","embeddable":true,"href":"https:\/\/dev.getraenke-center.ch\/index.php?rest_route=%2Fwp%2Fv2%2Fproduct_tag&post=1695"}],"curies":[{"name":"wp","href":"https:\/\/api.w.org\/{rel}","templated":true}]}}