{"id":1697,"date":"2024-11-27T12:01:55","date_gmt":"2024-11-27T12:01:55","guid":{"rendered":"https:\/\/dev.getraenke-center.ch\/?post_type=product&#038;p=1697"},"modified":"2025-01-01T15:33:42","modified_gmt":"2025-01-01T15:33:42","slug":"bier-grimbergen-rouge-ew-6-pack-x-0-25-liter","status":"publish","type":"product","link":"https:\/\/dev.getraenke-center.ch\/?product=bier-grimbergen-rouge-ew-6-pack-x-0-25-liter","title":{"rendered":"Bier Grimbergen Rouge EW 6 Pack x 0.25 Liter"},"content":{"rendered":"<p>Grimbergen Rouge ist ein belgisches Bier mit einer verlockenden Mischung aus s\u00fc\u00dfen Fruchtaromen und dem charakteristischen Geschmack von dunklem Malz. Genie\u00dfen Sie dieses einzigartige Bier, das durch seine Komplexit\u00e4t und Raffinesse besticht.<\/p>\n","protected":false},"excerpt":{"rendered":"<p><strong>Preis pro Flasche<\/strong><\/p>\n<p>Entdecken Sie die verf\u00fchrerische Welt von Grimbergen Rouge<\/p>\n","protected":false},"featured_media":1727,"template":"","meta":{"_kadence_starter_templates_imported_post":false,"_kad_post_transparent":"default","_kad_post_title":"","_kad_post_layout":"default","_kad_post_sidebar_id":"","_kad_post_content_style":"default","_kad_post_vertical_padding":"default","_kad_post_feature":"","_kad_post_feature_position":"","_kad_post_header":false,"_kad_post_footer":false},"product_cat":[70,157],"product_tag":[42,920,1104,1108,884,1109,1110,1111,1112,1113],"class_list":{"0":"post-1697","1":"product","2":"type-product","3":"status-publish","4":"has-post-thumbnail","6":"product_cat-bier","7":"product_cat-reduzierte-produkte","8":"product_tag-genuss","9":"product_tag-belgisches-bier","10":"product_tag-bier","11":"product_tag-bierkultur","12":"product_tag-braukunst","13":"product_tag-dunkles-malz","14":"product_tag-fruchtaromen","15":"product_tag-grimbergen","16":"product_tag-rouge","17":"product_tag-verfuehrerisch","19":"first","20":"instock","21":"taxable","22":"shipping-taxable","23":"purchasable","24":"product-type-simple","25":"entry","26":"content-bg","27":"loop-entry"},"jetpack_sharing_enabled":true,"_links":{"self":[{"href":"https:\/\/dev.getraenke-center.ch\/index.php?rest_route=\/wp\/v2\/product\/1697","targetHints":{"allow":["GET"]}}],"collection":[{"href":"https:\/\/dev.getraenke-center.ch\/index.php?rest_route=\/wp\/v2\/product"}],"about":[{"href":"https:\/\/dev.getraenke-center.ch\/index.php?rest_route=\/wp\/v2\/types\/product"}],"wp:featuredmedia":[{"embeddable":true,"href":"https:\/\/dev.getraenke-center.ch\/index.php?rest_route=\/wp\/v2\/media\/1727"}],"wp:attachment":[{"href":"https:\/\/dev.getraenke-center.ch\/index.php?rest_route=%2Fwp%2Fv2%2Fmedia&parent=1697"}],"wp:term":[{"taxonomy":"product_cat","embeddable":true,"href":"https:\/\/dev.getraenke-center.ch\/index.php?rest_route=%2Fwp%2Fv2%2Fproduct_cat&post=1697"},{"taxonomy":"product_tag","embeddable":true,"href":"https:\/\/dev.getraenke-center.ch\/index.php?rest_route=%2Fwp%2Fv2%2Fproduct_tag&post=1697"}],"curies":[{"name":"wp","href":"https:\/\/api.w.org\/{rel}","templated":true}]}}