{"id":1698,"date":"2024-11-27T12:01:55","date_gmt":"2024-11-27T12:01:55","guid":{"rendered":"https:\/\/dev.getraenke-center.ch\/?post_type=product&#038;p=1698"},"modified":"2025-01-01T15:33:42","modified_gmt":"2025-01-01T15:33:42","slug":"bier-grimbergen-blanche-ew-6-pack-x-0-25-liter","status":"publish","type":"product","link":"https:\/\/dev.getraenke-center.ch\/?product=bier-grimbergen-blanche-ew-6-pack-x-0-25-liter","title":{"rendered":"Bier Grimbergen Blanche EW 6 Pack x 0.25 Liter"},"content":{"rendered":"<p>Grimbergen Blanche ist ein belgisches Wei\u00dfbier mit einer lebendigen Mischung aus Zitrusnoten und einem Hauch von Gew\u00fcrzen. Dieses erfrischende Bier bietet einen einzigartigen Geschmack und ist perfekt f\u00fcr sonnige Tage und gesellige Momente.<\/p>\n","protected":false},"excerpt":{"rendered":"<p>Preis pro Flasche<\/p>\n<p>Tauchen Sie ein in die erfrischende Welt von Grimbergen Blanche<\/p>\n","protected":false},"featured_media":1728,"template":"","meta":{"_kadence_starter_templates_imported_post":false,"_kad_post_transparent":"default","_kad_post_title":"","_kad_post_layout":"default","_kad_post_sidebar_id":"","_kad_post_content_style":"default","_kad_post_vertical_padding":"default","_kad_post_feature":"","_kad_post_feature_position":"","_kad_post_header":false,"_kad_post_footer":false},"product_cat":[70,157],"product_tag":[49,42,287,920,1104,1108,1114,1115,1111,1116],"class_list":{"0":"post-1698","1":"product","2":"type-product","3":"status-publish","4":"has-post-thumbnail","6":"product_cat-bier","7":"product_cat-reduzierte-produkte","8":"product_tag-erfrischung","9":"product_tag-genuss","10":"product_tag-zitrus","11":"product_tag-belgisches-bier","12":"product_tag-bier","13":"product_tag-bierkultur","14":"product_tag-blanche","15":"product_tag-gewuerze","16":"product_tag-grimbergen","17":"product_tag-weissbier","19":"first","20":"instock","21":"taxable","22":"shipping-taxable","23":"purchasable","24":"product-type-simple","25":"entry","26":"content-bg","27":"loop-entry"},"jetpack_sharing_enabled":true,"_links":{"self":[{"href":"https:\/\/dev.getraenke-center.ch\/index.php?rest_route=\/wp\/v2\/product\/1698","targetHints":{"allow":["GET"]}}],"collection":[{"href":"https:\/\/dev.getraenke-center.ch\/index.php?rest_route=\/wp\/v2\/product"}],"about":[{"href":"https:\/\/dev.getraenke-center.ch\/index.php?rest_route=\/wp\/v2\/types\/product"}],"wp:featuredmedia":[{"embeddable":true,"href":"https:\/\/dev.getraenke-center.ch\/index.php?rest_route=\/wp\/v2\/media\/1728"}],"wp:attachment":[{"href":"https:\/\/dev.getraenke-center.ch\/index.php?rest_route=%2Fwp%2Fv2%2Fmedia&parent=1698"}],"wp:term":[{"taxonomy":"product_cat","embeddable":true,"href":"https:\/\/dev.getraenke-center.ch\/index.php?rest_route=%2Fwp%2Fv2%2Fproduct_cat&post=1698"},{"taxonomy":"product_tag","embeddable":true,"href":"https:\/\/dev.getraenke-center.ch\/index.php?rest_route=%2Fwp%2Fv2%2Fproduct_tag&post=1698"}],"curies":[{"name":"wp","href":"https:\/\/api.w.org\/{rel}","templated":true}]}}