{"id":1712,"date":"2024-11-27T12:01:56","date_gmt":"2024-11-27T12:01:56","guid":{"rendered":"https:\/\/dev.getraenke-center.ch\/?post_type=product&#038;p=1712"},"modified":"2024-11-27T12:01:59","modified_gmt":"2024-11-27T12:01:59","slug":"alkoholfrei-bier-karamalz-ew-6-pack-x-0-33-liter","status":"publish","type":"product","link":"https:\/\/dev.getraenke-center.ch\/?product=alkoholfrei-bier-karamalz-ew-6-pack-x-0-33-liter","title":{"rendered":"Alkoholfrei Bier Karamalz EW 6 Pack x 0.33 Liter"},"content":{"rendered":"<p>Karamalz Alkoholfrei ist ein erfrischendes Malzgetr\u00e4nk ohne Alkohol, das den vollen, malzigen Geschmack von Karamalz bewahrt. Perfekt f\u00fcr alle, die auf der Suche nach einem alkoholfreien Getr\u00e4nk mit reichem Malzaroma sind.<\/p>\n","protected":false},"excerpt":{"rendered":"<p>Preis pro Flasche<\/p>\n<p>Genie\u00dfen Sie den malzigen Geschmack ohne Alkohol mit Karamalz Alkoholfrei<\/p>\n","protected":false},"featured_media":1742,"template":"","meta":{"_kadence_starter_templates_imported_post":false,"_kad_post_transparent":"","_kad_post_title":"","_kad_post_layout":"","_kad_post_sidebar_id":"","_kad_post_content_style":"","_kad_post_vertical_padding":"","_kad_post_feature":"","_kad_post_feature_position":"","_kad_post_header":false,"_kad_post_footer":false},"product_cat":[74],"product_tag":[243,49,42,582,1150,1128,52,1151,1152,1153],"class_list":{"0":"post-1712","1":"product","2":"type-product","3":"status-publish","4":"has-post-thumbnail","6":"product_cat-alkoholfrei-bier","7":"product_tag-alkoholfrei","8":"product_tag-erfrischung","9":"product_tag-genuss","10":"product_tag-tradition","11":"product_tag-alkoholfreies-bier","12":"product_tag-biervielfalt","13":"product_tag-getraenk","14":"product_tag-karamalz","15":"product_tag-malzaroma","16":"product_tag-malzgetraenk","18":"first","19":"instock","20":"taxable","21":"shipping-taxable","22":"purchasable","23":"product-type-simple","24":"entry","25":"content-bg","26":"loop-entry"},"jetpack_sharing_enabled":true,"_links":{"self":[{"href":"https:\/\/dev.getraenke-center.ch\/index.php?rest_route=\/wp\/v2\/product\/1712","targetHints":{"allow":["GET"]}}],"collection":[{"href":"https:\/\/dev.getraenke-center.ch\/index.php?rest_route=\/wp\/v2\/product"}],"about":[{"href":"https:\/\/dev.getraenke-center.ch\/index.php?rest_route=\/wp\/v2\/types\/product"}],"wp:featuredmedia":[{"embeddable":true,"href":"https:\/\/dev.getraenke-center.ch\/index.php?rest_route=\/wp\/v2\/media\/1742"}],"wp:attachment":[{"href":"https:\/\/dev.getraenke-center.ch\/index.php?rest_route=%2Fwp%2Fv2%2Fmedia&parent=1712"}],"wp:term":[{"taxonomy":"product_cat","embeddable":true,"href":"https:\/\/dev.getraenke-center.ch\/index.php?rest_route=%2Fwp%2Fv2%2Fproduct_cat&post=1712"},{"taxonomy":"product_tag","embeddable":true,"href":"https:\/\/dev.getraenke-center.ch\/index.php?rest_route=%2Fwp%2Fv2%2Fproduct_tag&post=1712"}],"curies":[{"name":"wp","href":"https:\/\/api.w.org\/{rel}","templated":true}]}}