{"id":1713,"date":"2024-11-27T12:01:56","date_gmt":"2024-11-27T12:01:56","guid":{"rendered":"https:\/\/dev.getraenke-center.ch\/?post_type=product&#038;p=1713"},"modified":"2024-11-27T12:02:00","modified_gmt":"2024-11-27T12:02:00","slug":"bier-koestritzer-schwarzbier-ew-6-pack-x-0-33-liter","status":"publish","type":"product","link":"https:\/\/dev.getraenke-center.ch\/?product=bier-koestritzer-schwarzbier-ew-6-pack-x-0-33-liter","title":{"rendered":"Bier K\u00f6stritzer Schwarzbier EW 6 Pack x 0.33 Liter"},"content":{"rendered":"<p>K\u00f6stritzer Schwarzbier ist ein deutsches Schwarzbier mit einer reichen, dunklen Farbe und einem ausgewogenen Geschmack von R\u00f6staromen und malziger S\u00fc\u00dfe. Tauchen Sie ein in die Welt der dunklen Biere mit diesem Klassiker aus der Brauerei K\u00f6stritzer.<\/p>\n","protected":false},"excerpt":{"rendered":"<p>Preis pro Flasche<\/p>\n<p>Entdecken Sie die dunkle Eleganz von K\u00f6stritzer Schwarzbier<\/p>\n","protected":false},"featured_media":1743,"template":"","meta":{"_kadence_starter_templates_imported_post":false,"_kad_post_transparent":"","_kad_post_title":"","_kad_post_layout":"","_kad_post_sidebar_id":"","_kad_post_content_style":"","_kad_post_vertical_padding":"","_kad_post_feature":"","_kad_post_feature_position":"","_kad_post_header":false,"_kad_post_footer":false},"product_cat":[70],"product_tag":[42,582,1104,1128,884,904,1154,1155,906,1156],"class_list":{"0":"post-1713","1":"product","2":"type-product","3":"status-publish","4":"has-post-thumbnail","6":"product_cat-bier","7":"product_tag-genuss","8":"product_tag-tradition","9":"product_tag-bier","10":"product_tag-biervielfalt","11":"product_tag-braukunst","12":"product_tag-dunkles-bier","13":"product_tag-koestritzer","14":"product_tag-malzige-suesse","15":"product_tag-roestaromen","16":"product_tag-schwarzbier","18":"first","19":"instock","20":"taxable","21":"shipping-taxable","22":"purchasable","23":"product-type-simple","24":"entry","25":"content-bg","26":"loop-entry"},"jetpack_sharing_enabled":true,"_links":{"self":[{"href":"https:\/\/dev.getraenke-center.ch\/index.php?rest_route=\/wp\/v2\/product\/1713","targetHints":{"allow":["GET"]}}],"collection":[{"href":"https:\/\/dev.getraenke-center.ch\/index.php?rest_route=\/wp\/v2\/product"}],"about":[{"href":"https:\/\/dev.getraenke-center.ch\/index.php?rest_route=\/wp\/v2\/types\/product"}],"wp:featuredmedia":[{"embeddable":true,"href":"https:\/\/dev.getraenke-center.ch\/index.php?rest_route=\/wp\/v2\/media\/1743"}],"wp:attachment":[{"href":"https:\/\/dev.getraenke-center.ch\/index.php?rest_route=%2Fwp%2Fv2%2Fmedia&parent=1713"}],"wp:term":[{"taxonomy":"product_cat","embeddable":true,"href":"https:\/\/dev.getraenke-center.ch\/index.php?rest_route=%2Fwp%2Fv2%2Fproduct_cat&post=1713"},{"taxonomy":"product_tag","embeddable":true,"href":"https:\/\/dev.getraenke-center.ch\/index.php?rest_route=%2Fwp%2Fv2%2Fproduct_tag&post=1713"}],"curies":[{"name":"wp","href":"https:\/\/api.w.org\/{rel}","templated":true}]}}