{"id":1753,"date":"2024-11-27T12:02:02","date_gmt":"2024-11-27T12:02:02","guid":{"rendered":"https:\/\/dev.getraenke-center.ch\/?post_type=product&#038;p=1753"},"modified":"2024-11-27T12:02:03","modified_gmt":"2024-11-27T12:02:03","slug":"bier-birra-moretti-ew-24-pack-x-0-33-liter","status":"publish","type":"product","link":"https:\/\/dev.getraenke-center.ch\/?product=bier-birra-moretti-ew-24-pack-x-0-33-liter","title":{"rendered":"Bier Birra Moretti EW 24 Pack x 0.33 Liter"},"content":{"rendered":"<p>Birra Moretti ist ein klassisches italienisches Bier mit einer goldenen Farbe und einem erfrischenden, ausgewogenen Geschmack. Hergestellt mit sorgf\u00e4ltig ausgew\u00e4hlten Zutaten, repr\u00e4sentiert es die Brautradition und Qualit\u00e4t von Birra Moretti. Genie\u00dfen Sie einen Hauch von Italien in jedem Schluck.<\/p>\n","protected":false},"excerpt":{"rendered":"<p>Preis pro Flasche<\/p>\n<p>Entdecken Sie den authentischen Geschmack Italiens mit Birra Moretti<\/p>\n","protected":false},"featured_media":1783,"template":"","meta":{"_kadence_starter_templates_imported_post":false,"_kad_post_transparent":"","_kad_post_title":"","_kad_post_layout":"","_kad_post_sidebar_id":"","_kad_post_content_style":"","_kad_post_vertical_padding":"","_kad_post_feature":"","_kad_post_feature_position":"","_kad_post_header":false,"_kad_post_footer":false},"product_cat":[70],"product_tag":[41,42,582,1178,1104,1128,1179,884,973,1176],"class_list":{"0":"post-1753","1":"product","2":"type-product","3":"status-publish","4":"has-post-thumbnail","6":"product_cat-bier","7":"product_tag-erfrischend","8":"product_tag-genuss","9":"product_tag-tradition","10":"product_tag-ausgewogener-geschmack","11":"product_tag-bier","12":"product_tag-biervielfalt","13":"product_tag-birra-moretti","14":"product_tag-braukunst","15":"product_tag-goldene-farbe","16":"product_tag-italienisches-bier","18":"first","19":"instock","20":"taxable","21":"shipping-taxable","22":"purchasable","23":"product-type-simple","24":"entry","25":"content-bg","26":"loop-entry"},"jetpack_sharing_enabled":true,"_links":{"self":[{"href":"https:\/\/dev.getraenke-center.ch\/index.php?rest_route=\/wp\/v2\/product\/1753","targetHints":{"allow":["GET"]}}],"collection":[{"href":"https:\/\/dev.getraenke-center.ch\/index.php?rest_route=\/wp\/v2\/product"}],"about":[{"href":"https:\/\/dev.getraenke-center.ch\/index.php?rest_route=\/wp\/v2\/types\/product"}],"wp:featuredmedia":[{"embeddable":true,"href":"https:\/\/dev.getraenke-center.ch\/index.php?rest_route=\/wp\/v2\/media\/1783"}],"wp:attachment":[{"href":"https:\/\/dev.getraenke-center.ch\/index.php?rest_route=%2Fwp%2Fv2%2Fmedia&parent=1753"}],"wp:term":[{"taxonomy":"product_cat","embeddable":true,"href":"https:\/\/dev.getraenke-center.ch\/index.php?rest_route=%2Fwp%2Fv2%2Fproduct_cat&post=1753"},{"taxonomy":"product_tag","embeddable":true,"href":"https:\/\/dev.getraenke-center.ch\/index.php?rest_route=%2Fwp%2Fv2%2Fproduct_tag&post=1753"}],"curies":[{"name":"wp","href":"https:\/\/api.w.org\/{rel}","templated":true}]}}