{"id":1754,"date":"2024-11-27T12:02:02","date_gmt":"2024-11-27T12:02:02","guid":{"rendered":"https:\/\/dev.getraenke-center.ch\/?post_type=product&#038;p=1754"},"modified":"2024-11-27T12:02:04","modified_gmt":"2024-11-27T12:02:04","slug":"bier-bomonti-ew-20-pack-x-0-50-liter","status":"publish","type":"product","link":"https:\/\/dev.getraenke-center.ch\/?product=bier-bomonti-ew-20-pack-x-0-50-liter","title":{"rendered":"Bier Bomonti EW 20 Pack x 0.50 Liter"},"content":{"rendered":"<p>Bomonti ist ein modernes Bier, das den urbanen Lebensstil verk\u00f6rpert. Mit einer einzigartigen Mischung von Aromen bietet es eine erfrischende und zeitgen\u00f6ssische Biererfahrung. Tauchen Sie ein in die Welt von Bomonti und genie\u00dfen Sie den Geschmack der Stadt.<\/p>\n","protected":false},"excerpt":{"rendered":"<p>Preis pro Flasche<\/p>\n<p>Erleben Sie den urbanen Geschmack von Bomonti Bier<\/p>\n","protected":false},"featured_media":1784,"template":"","meta":{"_kadence_starter_templates_imported_post":false,"_kad_post_transparent":"","_kad_post_title":"","_kad_post_layout":"","_kad_post_sidebar_id":"","_kad_post_content_style":"","_kad_post_vertical_padding":"","_kad_post_feature":"","_kad_post_feature_position":"","_kad_post_header":false,"_kad_post_footer":false},"product_cat":[70],"product_tag":[41,42,307,1104,1128,1180,884,1181,1182,1183],"class_list":{"0":"post-1754","1":"product","2":"type-product","3":"status-publish","4":"has-post-thumbnail","6":"product_cat-bier","7":"product_tag-erfrischend","8":"product_tag-genuss","9":"product_tag-aromen","10":"product_tag-bier","11":"product_tag-biervielfalt","12":"product_tag-bomonti","13":"product_tag-braukunst","14":"product_tag-modern","15":"product_tag-stilvoll","16":"product_tag-urban","18":"first","19":"instock","20":"taxable","21":"shipping-taxable","22":"purchasable","23":"product-type-simple","24":"entry","25":"content-bg","26":"loop-entry"},"jetpack_sharing_enabled":true,"_links":{"self":[{"href":"https:\/\/dev.getraenke-center.ch\/index.php?rest_route=\/wp\/v2\/product\/1754","targetHints":{"allow":["GET"]}}],"collection":[{"href":"https:\/\/dev.getraenke-center.ch\/index.php?rest_route=\/wp\/v2\/product"}],"about":[{"href":"https:\/\/dev.getraenke-center.ch\/index.php?rest_route=\/wp\/v2\/types\/product"}],"wp:featuredmedia":[{"embeddable":true,"href":"https:\/\/dev.getraenke-center.ch\/index.php?rest_route=\/wp\/v2\/media\/1784"}],"wp:attachment":[{"href":"https:\/\/dev.getraenke-center.ch\/index.php?rest_route=%2Fwp%2Fv2%2Fmedia&parent=1754"}],"wp:term":[{"taxonomy":"product_cat","embeddable":true,"href":"https:\/\/dev.getraenke-center.ch\/index.php?rest_route=%2Fwp%2Fv2%2Fproduct_cat&post=1754"},{"taxonomy":"product_tag","embeddable":true,"href":"https:\/\/dev.getraenke-center.ch\/index.php?rest_route=%2Fwp%2Fv2%2Fproduct_tag&post=1754"}],"curies":[{"name":"wp","href":"https:\/\/api.w.org\/{rel}","templated":true}]}}