{"id":1778,"date":"2024-11-27T12:02:03","date_gmt":"2024-11-27T12:02:03","guid":{"rendered":"https:\/\/dev.getraenke-center.ch\/?post_type=product&#038;p=1778"},"modified":"2024-11-27T12:02:08","modified_gmt":"2024-11-27T12:02:08","slug":"rotwein-cabernet-sauvignon-hopewell-15-fl-x-050-liter","status":"publish","type":"product","link":"https:\/\/dev.getraenke-center.ch\/?product=rotwein-cabernet-sauvignon-hopewell-15-fl-x-050-liter","title":{"rendered":"Rotwein Cabernet Sauvignon Hopewell 15 Fl. x 0,50 Liter"},"content":{"rendered":"<p>Tauchen Sie ein in die Welt des charaktervollen Cabernet Sauvignon Hopewell Weins. Dieser Wein pr\u00e4sentiert sich mit einer tiefen roten Farbe und einem kr\u00e4ftigen, fruchtigen Geschmacksprofil. Ideal f\u00fcr Weinliebhaber, die nach einem kraftvollen und geschmackvollen Weinerlebnis suchen.<\/p>\n","protected":false},"excerpt":{"rendered":"<p>Preis pro Flasche<\/p>\n<p>Genie\u00dfen Sie den charaktervollen Cabernet Sauvignon Hopewell Wein.<\/p>\n","protected":false},"featured_media":1808,"template":"","meta":{"_kadence_starter_templates_imported_post":false,"_kad_post_transparent":"","_kad_post_title":"","_kad_post_layout":"","_kad_post_sidebar_id":"","_kad_post_content_style":"","_kad_post_vertical_padding":"","_kad_post_feature":"","_kad_post_feature_position":"","_kad_post_header":false,"_kad_post_footer":false},"product_cat":[65],"product_tag":[104,521,522,1246,1002,1247,1241,1211,1212,1248],"class_list":{"0":"post-1778","1":"product","2":"type-product","3":"status-publish","4":"has-post-thumbnail","6":"product_cat-rotwein","7":"product_tag-fruchtig","8":"product_tag-wein","9":"product_tag-weinliebhaber","10":"product_tag-cabernet-sauvignon-hopewell","11":"product_tag-geschmackvoll","12":"product_tag-kraeftiger-geschmack","13":"product_tag-kraftvoll","14":"product_tag-rote-farbe","15":"product_tag-weinerlebnis","16":"product_tag-weinregion-nicht","18":"first","19":"instock","20":"taxable","21":"shipping-taxable","22":"purchasable","23":"product-type-simple","24":"entry","25":"content-bg","26":"loop-entry"},"jetpack_sharing_enabled":true,"_links":{"self":[{"href":"https:\/\/dev.getraenke-center.ch\/index.php?rest_route=\/wp\/v2\/product\/1778","targetHints":{"allow":["GET"]}}],"collection":[{"href":"https:\/\/dev.getraenke-center.ch\/index.php?rest_route=\/wp\/v2\/product"}],"about":[{"href":"https:\/\/dev.getraenke-center.ch\/index.php?rest_route=\/wp\/v2\/types\/product"}],"wp:featuredmedia":[{"embeddable":true,"href":"https:\/\/dev.getraenke-center.ch\/index.php?rest_route=\/wp\/v2\/media\/1808"}],"wp:attachment":[{"href":"https:\/\/dev.getraenke-center.ch\/index.php?rest_route=%2Fwp%2Fv2%2Fmedia&parent=1778"}],"wp:term":[{"taxonomy":"product_cat","embeddable":true,"href":"https:\/\/dev.getraenke-center.ch\/index.php?rest_route=%2Fwp%2Fv2%2Fproduct_cat&post=1778"},{"taxonomy":"product_tag","embeddable":true,"href":"https:\/\/dev.getraenke-center.ch\/index.php?rest_route=%2Fwp%2Fv2%2Fproduct_tag&post=1778"}],"curies":[{"name":"wp","href":"https:\/\/api.w.org\/{rel}","templated":true}]}}