{"id":1780,"date":"2024-11-27T12:02:03","date_gmt":"2024-11-27T12:02:03","guid":{"rendered":"https:\/\/dev.getraenke-center.ch\/?post_type=product&#038;p=1780"},"modified":"2024-11-27T12:02:08","modified_gmt":"2024-11-27T12:02:08","slug":"champagner-moet-chandon-1-fl-x-075-liter","status":"publish","type":"product","link":"https:\/\/dev.getraenke-center.ch\/?product=champagner-moet-chandon-1-fl-x-075-liter","title":{"rendered":"Champagner Mo\u00ebt &#038; Chandon 1 Fl. x 0,75 Liter"},"content":{"rendered":"<p>Tauchen Sie ein in die Welt des exquisiten Mo\u00ebt &amp; Chandon Champagners. Dieser franz\u00f6sische Champagner pr\u00e4sentiert sich mit einer eleganten Perlage und einem raffinierten, ausgewogenen Geschmacksprofil. Ideal f\u00fcr Champagnerliebhaber, die nach einem luxuri\u00f6sen und geschmackvollen Erlebnis suchen.<\/p>\n","protected":false},"excerpt":{"rendered":"<p>Tauchen Sie ein in die Welt des exquisiten Mo\u00ebt &amp; Chandon Champagners. Dieser franz\u00f6sische Champagner pr\u00e4sentiert sich mit einer eleganten Perlage und einem raffinierten, ausgewogenen Geschmacksprofil. Ideal f\u00fcr Champagnerliebhaber, die&#8230;<\/p>\n","protected":false},"featured_media":1810,"template":"","meta":{"_kadence_starter_templates_imported_post":false,"_kad_post_transparent":"","_kad_post_title":"","_kad_post_layout":"","_kad_post_sidebar_id":"","_kad_post_content_style":"","_kad_post_vertical_padding":"","_kad_post_feature":"","_kad_post_feature_position":"","_kad_post_header":false,"_kad_post_footer":false},"product_cat":[185],"product_tag":[977,1251,1252,1253,1254,1002,1255,1256,1257,1250],"class_list":{"0":"post-1780","1":"product","2":"type-product","3":"status-publish","4":"has-post-thumbnail","6":"product_cat-champagner-prosseco","7":"product_tag-ausgewogen","8":"product_tag-champagner","9":"product_tag-champagnererlebnis","10":"product_tag-champagnerliebhaber","11":"product_tag-elegante-perlage","12":"product_tag-geschmackvoll","13":"product_tag-luxus","14":"product_tag-moet-chandon","15":"product_tag-raffiniert","16":"product_tag-weinregion-nicht-spezifiziert","18":"first","19":"instock","20":"taxable","21":"shipping-taxable","22":"purchasable","23":"product-type-simple","24":"entry","25":"content-bg","26":"loop-entry"},"jetpack_sharing_enabled":true,"_links":{"self":[{"href":"https:\/\/dev.getraenke-center.ch\/index.php?rest_route=\/wp\/v2\/product\/1780","targetHints":{"allow":["GET"]}}],"collection":[{"href":"https:\/\/dev.getraenke-center.ch\/index.php?rest_route=\/wp\/v2\/product"}],"about":[{"href":"https:\/\/dev.getraenke-center.ch\/index.php?rest_route=\/wp\/v2\/types\/product"}],"wp:featuredmedia":[{"embeddable":true,"href":"https:\/\/dev.getraenke-center.ch\/index.php?rest_route=\/wp\/v2\/media\/1810"}],"wp:attachment":[{"href":"https:\/\/dev.getraenke-center.ch\/index.php?rest_route=%2Fwp%2Fv2%2Fmedia&parent=1780"}],"wp:term":[{"taxonomy":"product_cat","embeddable":true,"href":"https:\/\/dev.getraenke-center.ch\/index.php?rest_route=%2Fwp%2Fv2%2Fproduct_cat&post=1780"},{"taxonomy":"product_tag","embeddable":true,"href":"https:\/\/dev.getraenke-center.ch\/index.php?rest_route=%2Fwp%2Fv2%2Fproduct_tag&post=1780"}],"curies":[{"name":"wp","href":"https:\/\/api.w.org\/{rel}","templated":true}]}}