{"id":1827,"date":"2024-11-27T12:02:10","date_gmt":"2024-11-27T12:02:10","guid":{"rendered":"https:\/\/dev.getraenke-center.ch\/?post_type=product&#038;p=1827"},"modified":"2024-11-27T12:02:13","modified_gmt":"2024-11-27T12:02:13","slug":"alkoholfrei-weisswein-rimuss-party-1-fl-x-070-liter","status":"publish","type":"product","link":"https:\/\/dev.getraenke-center.ch\/?product=alkoholfrei-weisswein-rimuss-party-1-fl-x-070-liter","title":{"rendered":"Alkoholfrei Weisswein Rimuss Party 1 Fl. x 0,70 Liter"},"content":{"rendered":"<p>Genie\u00dfen Sie besondere Momente mit Rimuss Party, der spritzigen Erfrischung f\u00fcr jede Feier. Dieser alkoholfreie Getr\u00e4nkemix begeistert mit seinem fruchtigen Geschmack und seiner spritzigen Note. Ideal f\u00fcr alle, die nach einem erfrischenden und alkoholfreien Genuss suchen.<\/p>\n","protected":false},"excerpt":{"rendered":"<p>Feiern Sie mit Rimuss Party &#8211; der spritzigen Erfrischung f\u00fcr besondere Momente.<\/p>\n","protected":false},"featured_media":1857,"template":"","meta":{"_kadence_starter_templates_imported_post":false,"_kad_post_transparent":"","_kad_post_title":"","_kad_post_layout":"","_kad_post_sidebar_id":"","_kad_post_content_style":"","_kad_post_vertical_padding":"","_kad_post_feature":"","_kad_post_feature_position":"","_kad_post_header":false,"_kad_post_footer":false},"product_cat":[39],"product_tag":[243,161,104,58,1300,1031,1301,1302],"class_list":{"0":"post-1827","1":"product","2":"type-product","3":"status-publish","4":"has-post-thumbnail","6":"product_cat-alkoholfreie-getraenke","7":"product_tag-alkoholfrei","8":"product_tag-erfrischungsgetraenk","9":"product_tag-fruchtig","10":"product_tag-spritzig","11":"product_tag-besondere-momente","12":"product_tag-feier","13":"product_tag-getraenkemix","14":"product_tag-rimuss-party","16":"first","17":"instock","18":"taxable","19":"shipping-taxable","20":"purchasable","21":"product-type-simple","22":"entry","23":"content-bg","24":"loop-entry"},"jetpack_sharing_enabled":true,"_links":{"self":[{"href":"https:\/\/dev.getraenke-center.ch\/index.php?rest_route=\/wp\/v2\/product\/1827","targetHints":{"allow":["GET"]}}],"collection":[{"href":"https:\/\/dev.getraenke-center.ch\/index.php?rest_route=\/wp\/v2\/product"}],"about":[{"href":"https:\/\/dev.getraenke-center.ch\/index.php?rest_route=\/wp\/v2\/types\/product"}],"wp:featuredmedia":[{"embeddable":true,"href":"https:\/\/dev.getraenke-center.ch\/index.php?rest_route=\/wp\/v2\/media\/1857"}],"wp:attachment":[{"href":"https:\/\/dev.getraenke-center.ch\/index.php?rest_route=%2Fwp%2Fv2%2Fmedia&parent=1827"}],"wp:term":[{"taxonomy":"product_cat","embeddable":true,"href":"https:\/\/dev.getraenke-center.ch\/index.php?rest_route=%2Fwp%2Fv2%2Fproduct_cat&post=1827"},{"taxonomy":"product_tag","embeddable":true,"href":"https:\/\/dev.getraenke-center.ch\/index.php?rest_route=%2Fwp%2Fv2%2Fproduct_tag&post=1827"}],"curies":[{"name":"wp","href":"https:\/\/api.w.org\/{rel}","templated":true}]}}