{"id":1828,"date":"2024-11-27T12:02:10","date_gmt":"2024-11-27T12:02:10","guid":{"rendered":"https:\/\/dev.getraenke-center.ch\/?post_type=product&#038;p=1828"},"modified":"2024-11-27T12:02:13","modified_gmt":"2024-11-27T12:02:13","slug":"rimuss-globi-schampus-1-fl-x-075-liter","status":"publish","type":"product","link":"https:\/\/dev.getraenke-center.ch\/?product=rimuss-globi-schampus-1-fl-x-075-liter","title":{"rendered":"Rimuss Globi-Schampus 1 Fl. x 0,75 Liter"},"content":{"rendered":"<p>Genie\u00dfen Sie den prickelnden Spa\u00df von Globi-Schampus, dem alkoholfreien Getr\u00e4nk f\u00fcr Jung und Alt. Dieser erfrischende Drink kombiniert spritzige Frische mit fruchtigem Geschmack, perfekt f\u00fcr jede festliche Gelegenheit. Ideal f\u00fcr alle, die nach einem unterhaltsamen und alkoholfreien Getr\u00e4nk suchen.<\/p>\n<p>Beschreibung<br \/>\nLand: Schweiz<br \/>\nRegion: Hallau, Schaffhausen<br \/>\nProduzent: Rimuss &amp; Strada Wein AG<br \/>\nAlkoholgehalt: 0% Vol.<br \/>\nZutaten: Traubensaft (Italien), Wasser, nat\u00fcrliche Aromen (Mango, Orange, Banane und Yuzu), S\u00e4uerungsmittel: Zitronens\u00e4ure, Ascorbins\u00e4ure<br \/>\nAroma und Geschmack: Intensive Fruchtnoten, fruchtig, frisch<br \/>\nLieferumfang: 1 x 6 Flasche \u00e0 75 cl<\/p>\n","protected":false},"excerpt":{"rendered":"<p>Feiern Sie mit Globi-Schampus &#8211; dem prickelnden Spa\u00df f\u00fcr Jung und Alt.<\/p>\n","protected":false},"featured_media":1858,"template":"","meta":{"_kadence_starter_templates_imported_post":false,"_kad_post_transparent":"","_kad_post_title":"","_kad_post_layout":"","_kad_post_sidebar_id":"","_kad_post_content_style":"","_kad_post_vertical_padding":"","_kad_post_feature":"","_kad_post_feature_position":"","_kad_post_header":false,"_kad_post_footer":false},"product_cat":[39],"product_tag":[243,41,104,57,1303,52,1304,1305,1306],"class_list":{"0":"post-1828","1":"product","2":"type-product","3":"status-publish","4":"has-post-thumbnail","6":"product_cat-alkoholfreie-getraenke","7":"product_tag-alkoholfrei","8":"product_tag-erfrischend","9":"product_tag-fruchtig","10":"product_tag-prickelnd","11":"product_tag-festliche-gelegenheit","12":"product_tag-getraenk","13":"product_tag-globi-schampus","14":"product_tag-jung-und-alt","15":"product_tag-spass","17":"first","18":"instock","19":"taxable","20":"shipping-taxable","21":"purchasable","22":"product-type-simple","23":"entry","24":"content-bg","25":"loop-entry"},"jetpack_sharing_enabled":true,"_links":{"self":[{"href":"https:\/\/dev.getraenke-center.ch\/index.php?rest_route=\/wp\/v2\/product\/1828","targetHints":{"allow":["GET"]}}],"collection":[{"href":"https:\/\/dev.getraenke-center.ch\/index.php?rest_route=\/wp\/v2\/product"}],"about":[{"href":"https:\/\/dev.getraenke-center.ch\/index.php?rest_route=\/wp\/v2\/types\/product"}],"wp:featuredmedia":[{"embeddable":true,"href":"https:\/\/dev.getraenke-center.ch\/index.php?rest_route=\/wp\/v2\/media\/1858"}],"wp:attachment":[{"href":"https:\/\/dev.getraenke-center.ch\/index.php?rest_route=%2Fwp%2Fv2%2Fmedia&parent=1828"}],"wp:term":[{"taxonomy":"product_cat","embeddable":true,"href":"https:\/\/dev.getraenke-center.ch\/index.php?rest_route=%2Fwp%2Fv2%2Fproduct_cat&post=1828"},{"taxonomy":"product_tag","embeddable":true,"href":"https:\/\/dev.getraenke-center.ch\/index.php?rest_route=%2Fwp%2Fv2%2Fproduct_tag&post=1828"}],"curies":[{"name":"wp","href":"https:\/\/api.w.org\/{rel}","templated":true}]}}