{"id":1829,"date":"2024-11-27T12:02:10","date_gmt":"2024-11-27T12:02:10","guid":{"rendered":"https:\/\/dev.getraenke-center.ch\/?post_type=product&#038;p=1829"},"modified":"2024-11-27T12:02:13","modified_gmt":"2024-11-27T12:02:13","slug":"vodka-pink-trojka-liqueur-17-0-70-liter","status":"publish","type":"product","link":"https:\/\/dev.getraenke-center.ch\/?product=vodka-pink-trojka-liqueur-17-0-70-liter","title":{"rendered":"Vodka Pink Trojka Liqueur 17% 0.70 Liter"},"content":{"rendered":"<p>Tauchen Sie ein in die Welt des verlockenden Trojka Vodka Pink Lik\u00f6rs. Dieser fruchtige Lik\u00f6r kombiniert die Reinheit von Vodka mit einem Hauch von Beerenaromen, und pr\u00e4sentiert sich in einer ansprechenden pinken Farbe. Ideal f\u00fcr Genie\u00dfer, die nach einem aromatischen und ansprechenden Getr\u00e4nk suchen.<\/p>\n","protected":false},"excerpt":{"rendered":"<p>Entdecken Sie den verlockenden Trojka Vodka Pink Lik\u00f6r.<\/p>\n","protected":false},"featured_media":1859,"template":"","meta":{"_kadence_starter_templates_imported_post":false,"_kad_post_transparent":"","_kad_post_title":"","_kad_post_layout":"","_kad_post_sidebar_id":"","_kad_post_content_style":"","_kad_post_vertical_padding":"","_kad_post_feature":"","_kad_post_feature_position":"","_kad_post_header":false,"_kad_post_footer":false},"product_cat":[445,680],"product_tag":[439,357,42,449,679,52,1307,1308,1309],"class_list":{"0":"post-1829","1":"product","2":"type-product","3":"status-publish","4":"has-post-thumbnail","6":"product_cat-spirituosen","7":"product_cat-vodka","8":"product_tag-aromatisch","9":"product_tag-beerenaromen","10":"product_tag-genuss","11":"product_tag-likoer","12":"product_tag-vodka","13":"product_tag-getraenk","14":"product_tag-pink","15":"product_tag-trojka-vodka-pink","16":"product_tag-verlockend","18":"first","19":"instock","20":"taxable","21":"shipping-taxable","22":"purchasable","23":"product-type-simple","24":"entry","25":"content-bg","26":"loop-entry"},"jetpack_sharing_enabled":true,"_links":{"self":[{"href":"https:\/\/dev.getraenke-center.ch\/index.php?rest_route=\/wp\/v2\/product\/1829","targetHints":{"allow":["GET"]}}],"collection":[{"href":"https:\/\/dev.getraenke-center.ch\/index.php?rest_route=\/wp\/v2\/product"}],"about":[{"href":"https:\/\/dev.getraenke-center.ch\/index.php?rest_route=\/wp\/v2\/types\/product"}],"wp:featuredmedia":[{"embeddable":true,"href":"https:\/\/dev.getraenke-center.ch\/index.php?rest_route=\/wp\/v2\/media\/1859"}],"wp:attachment":[{"href":"https:\/\/dev.getraenke-center.ch\/index.php?rest_route=%2Fwp%2Fv2%2Fmedia&parent=1829"}],"wp:term":[{"taxonomy":"product_cat","embeddable":true,"href":"https:\/\/dev.getraenke-center.ch\/index.php?rest_route=%2Fwp%2Fv2%2Fproduct_cat&post=1829"},{"taxonomy":"product_tag","embeddable":true,"href":"https:\/\/dev.getraenke-center.ch\/index.php?rest_route=%2Fwp%2Fv2%2Fproduct_tag&post=1829"}],"curies":[{"name":"wp","href":"https:\/\/api.w.org\/{rel}","templated":true}]}}