{"id":1832,"date":"2024-11-27T12:02:10","date_gmt":"2024-11-27T12:02:10","guid":{"rendered":"https:\/\/dev.getraenke-center.ch\/?post_type=product&#038;p=1832"},"modified":"2024-11-27T12:02:14","modified_gmt":"2024-11-27T12:02:14","slug":"vodka-white-cream-trojka-erdbeere-geschmack-17-070-liter","status":"publish","type":"product","link":"https:\/\/dev.getraenke-center.ch\/?product=vodka-white-cream-trojka-erdbeere-geschmack-17-070-liter","title":{"rendered":"Vodka White Cream Trojka (Erdbeere Geschmack) 17% 0,70 Liter"},"content":{"rendered":"<p>Genie\u00dfen Sie die s\u00fc\u00dfe Verf\u00fchrung von Trojka Vodka White Cream mit Erdbeergeschmack. Dieser cremige Vodka kombiniert die glatte Reinheit von Vodka mit dem s\u00fc\u00dfen Aroma von Erdbeeren. Ideal f\u00fcr Genie\u00dfer, die nach einem delikaten und geschmackvollen Erlebnis suchen.<\/p>\n","protected":false},"excerpt":{"rendered":"<p>Tauchen Sie ein in die s\u00fc\u00dfe Verf\u00fchrung von Trojka Vodka White Cream mit Erdbeergeschmack.<\/p>\n","protected":false},"featured_media":1862,"template":"","meta":{"_kadence_starter_templates_imported_post":false,"_kad_post_transparent":"","_kad_post_title":"","_kad_post_layout":"","_kad_post_sidebar_id":"","_kad_post_content_style":"","_kad_post_vertical_padding":"","_kad_post_feature":"","_kad_post_feature_position":"","_kad_post_header":false,"_kad_post_footer":false},"product_cat":[445,680],"product_tag":[42,143,679,1319,1320,1321,1322,1113],"class_list":{"0":"post-1832","1":"product","2":"type-product","3":"status-publish","4":"has-post-thumbnail","6":"product_cat-spirituosen","7":"product_cat-vodka","8":"product_tag-genuss","9":"product_tag-suess","10":"product_tag-vodka","11":"product_tag-cremig","12":"product_tag-delikat","13":"product_tag-erdbeergeschmack","14":"product_tag-trojka-vodka-white-cream","15":"product_tag-verfuehrerisch","17":"first","18":"instock","19":"taxable","20":"shipping-taxable","21":"purchasable","22":"product-type-simple","23":"entry","24":"content-bg","25":"loop-entry"},"jetpack_sharing_enabled":true,"_links":{"self":[{"href":"https:\/\/dev.getraenke-center.ch\/index.php?rest_route=\/wp\/v2\/product\/1832","targetHints":{"allow":["GET"]}}],"collection":[{"href":"https:\/\/dev.getraenke-center.ch\/index.php?rest_route=\/wp\/v2\/product"}],"about":[{"href":"https:\/\/dev.getraenke-center.ch\/index.php?rest_route=\/wp\/v2\/types\/product"}],"wp:featuredmedia":[{"embeddable":true,"href":"https:\/\/dev.getraenke-center.ch\/index.php?rest_route=\/wp\/v2\/media\/1862"}],"wp:attachment":[{"href":"https:\/\/dev.getraenke-center.ch\/index.php?rest_route=%2Fwp%2Fv2%2Fmedia&parent=1832"}],"wp:term":[{"taxonomy":"product_cat","embeddable":true,"href":"https:\/\/dev.getraenke-center.ch\/index.php?rest_route=%2Fwp%2Fv2%2Fproduct_cat&post=1832"},{"taxonomy":"product_tag","embeddable":true,"href":"https:\/\/dev.getraenke-center.ch\/index.php?rest_route=%2Fwp%2Fv2%2Fproduct_tag&post=1832"}],"curies":[{"name":"wp","href":"https:\/\/api.w.org\/{rel}","templated":true}]}}